{"id":4133,"date":"2022-07-26T22:39:37","date_gmt":"2022-07-26T20:39:37","guid":{"rendered":"https:\/\/corporate.autobiz.com\/nos-clients\/banque-et-finance\/"},"modified":"2024-03-16T11:13:22","modified_gmt":"2024-03-16T10:13:22","slug":"mercados-y-operadores-exclusivos-internet","status":"publish","type":"page","link":"https:\/\/corporate.autobiz.com\/es\/nuestros-clientes\/mercados-y-operadores-exclusivos-internet\/","title":{"rendered":"Mercados y operadores exclusivos de Internet"},"content":{"rendered":"\t\t<div data-elementor-type=\"wp-page\" data-elementor-id=\"4133\" class=\"elementor elementor-4133 elementor-1175\" data-elementor-post-type=\"page\">\n\t\t\t\t\t\t<section class=\"elementor-section elementor-top-section elementor-element elementor-element-2e6bb80d elementor-hidden-mobile elementor-section-boxed elementor-section-height-default elementor-section-height-default\" data-id=\"2e6bb80d\" data-element_type=\"section\" data-settings=\"{&quot;jet_parallax_layout_list&quot;:[]}\">\n\t\t\t\t\t\t<div class=\"elementor-container elementor-column-gap-default\">\n\t\t\t\t\t<div class=\"elementor-column elementor-col-100 elementor-top-column elementor-element elementor-element-70f25942\" data-id=\"70f25942\" data-element_type=\"column\">\n\t\t\t<div class=\"elementor-widget-wrap elementor-element-populated\">\n\t\t\t\t\t\t<div class=\"elementor-element elementor-element-19720c31 elementor-widget elementor-widget-breadcrumbs\" data-id=\"19720c31\" data-element_type=\"widget\" data-widget_type=\"breadcrumbs.default\">\n\t\t\t\t<div class=\"elementor-widget-container\">\n\t\t\t\t\t<p id=\"breadcrumbs\"><span><span><a href=\"https:\/\/corporate.autobiz.com\/es\/\">Inicio<\/a><\/span><\/span><\/p>\t\t\t\t<\/div>\n\t\t\t\t<\/div>\n\t\t\t\t\t<\/div>\n\t\t<\/div>\n\t\t\t\t\t<\/div>\n\t\t<\/section>\n\t\t\t\t<section class=\"elementor-section elementor-top-section elementor-element elementor-element-6a761624 elementor-section-boxed elementor-section-height-default elementor-section-height-default\" data-id=\"6a761624\" data-element_type=\"section\" data-settings=\"{&quot;jet_parallax_layout_list&quot;:[]}\">\n\t\t\t\t\t\t<div class=\"elementor-container elementor-column-gap-extended\">\n\t\t\t\t\t<div class=\"elementor-column elementor-col-50 elementor-top-column elementor-element elementor-element-567cd6ed\" data-id=\"567cd6ed\" data-element_type=\"column\">\n\t\t\t<div class=\"elementor-widget-wrap elementor-element-populated\">\n\t\t\t\t\t\t<div class=\"elementor-element elementor-element-63784584 elementor-widget elementor-widget-image\" data-id=\"63784584\" data-element_type=\"widget\" data-widget_type=\"image.default\">\n\t\t\t\t<div class=\"elementor-widget-container\">\n\t\t\t\t\t\t\t\t\t\t\t\t\t\t\t<img fetchpriority=\"high\" decoding=\"async\" width=\"692\" height=\"475\" src=\"https:\/\/corporate.autobiz.com\/wp-content\/uploads\/2023\/01\/pure-players.png\" class=\"attachment-large size-large wp-image-7389\" alt=\"\" srcset=\"https:\/\/corporate.autobiz.com\/wp-content\/uploads\/2023\/01\/pure-players.png 692w, https:\/\/corporate.autobiz.com\/wp-content\/uploads\/2023\/01\/pure-players-300x206.png 300w\" sizes=\"(max-width: 692px) 100vw, 692px\" \/>\t\t\t\t\t\t\t\t\t\t\t\t\t\t\t<\/div>\n\t\t\t\t<\/div>\n\t\t\t\t<div class=\"elementor-element elementor-element-1b5d0b31 elementor-widget elementor-widget-heading\" data-id=\"1b5d0b31\" data-element_type=\"widget\" data-widget_type=\"heading.default\">\n\t\t\t\t<div class=\"elementor-widget-container\">\n\t\t\t\t\t<h2 class=\"elementor-heading-title elementor-size-default\">Mercados y operadores exclusivos de Internet<\/h2>\t\t\t\t<\/div>\n\t\t\t\t<\/div>\n\t\t\t\t<div class=\"elementor-element elementor-element-4f4b0e83 elementor-widget elementor-widget-text-editor\" data-id=\"4f4b0e83\" data-element_type=\"widget\" data-widget_type=\"text-editor.default\">\n\t\t\t\t<div class=\"elementor-widget-container\">\n\t\t\t\t\t\t\t\t\t<p>autobiz es el principal proveedor mundial de datos de mercado y consultor\u00eda para los 20 principales operadores de anuncios clasificados del mundo.<\/p><p>Mediante el an\u00e1lisis de anuncios y anunciantes de m\u00e1s de 500 sitios web en 37 pa\u00edses de todo el mundo, les apoyamos en su toma de decisiones y procesos estrat\u00e9gicos, de marketing y ventas por medio de:<\/p>\t\t\t\t\t\t\t\t<\/div>\n\t\t\t\t<\/div>\n\t\t\t\t<div class=\"elementor-element elementor-element-986156d elementor-hidden-desktop elementor-hidden-tablet elementor-widget-divider--view-line elementor-widget elementor-widget-divider\" data-id=\"986156d\" data-element_type=\"widget\" data-widget_type=\"divider.default\">\n\t\t\t\t<div class=\"elementor-widget-container\">\n\t\t\t\t\t\t\t<div class=\"elementor-divider\">\n\t\t\t<span class=\"elementor-divider-separator\">\n\t\t\t\t\t\t<\/span>\n\t\t<\/div>\n\t\t\t\t\t\t<\/div>\n\t\t\t\t<\/div>\n\t\t\t\t\t<\/div>\n\t\t<\/div>\n\t\t\t\t<div class=\"elementor-column elementor-col-50 elementor-top-column elementor-element elementor-element-13f2767d\" data-id=\"13f2767d\" data-element_type=\"column\">\n\t\t\t<div class=\"elementor-widget-wrap elementor-element-populated\">\n\t\t\t\t\t\t<div class=\"elementor-element elementor-element-7c30f7fd elementor-button-align-center shadow-none elementor-widget elementor-widget-form\" data-id=\"7c30f7fd\" data-element_type=\"widget\" data-settings=\"{&quot;step_next_label&quot;:&quot;Next&quot;,&quot;step_previous_label&quot;:&quot;Previous&quot;,&quot;button_width&quot;:&quot;100&quot;,&quot;step_type&quot;:&quot;number_text&quot;,&quot;step_icon_shape&quot;:&quot;circle&quot;}\" data-widget_type=\"form.default\">\n\t\t\t\t<div class=\"elementor-widget-container\">\n\t\t\t\t\t\t\t<form class=\"elementor-form\" method=\"post\" name=\"New Form\" aria-label=\"New Form\">\n\t\t\t<input type=\"hidden\" name=\"post_id\" value=\"4133\"\/>\n\t\t\t<input type=\"hidden\" name=\"form_id\" value=\"7c30f7fd\"\/>\n\t\t\t<input type=\"hidden\" name=\"referer_title\" value=\"autobiz Corporate\" \/>\n\n\t\t\t\n\t\t\t<div class=\"elementor-form-fields-wrapper elementor-labels-above\">\n\t\t\t\t\t\t\t\t<div class=\"elementor-field-type-text elementor-field-group elementor-column elementor-field-group-name elementor-col-50 elementor-field-required elementor-mark-required\">\n\t\t\t\t\t\t\t\t\t\t\t\t<label for=\"form-field-name\" class=\"elementor-field-label\">\n\t\t\t\t\t\t\t\tNOMBRE\t\t\t\t\t\t\t<\/label>\n\t\t\t\t\t\t\t\t\t\t\t\t\t\t<input size=\"1\" type=\"text\" name=\"form_fields[name]\" id=\"form-field-name\" class=\"elementor-field elementor-size-sm  elementor-field-textual\" placeholder=\"Nombre\" required=\"required\">\n\t\t\t\t\t\t\t\t\t\t\t<\/div>\n\t\t\t\t\t\t\t\t<div class=\"elementor-field-type-text elementor-field-group elementor-column elementor-field-group-field_e7895f2 elementor-col-50 elementor-field-required elementor-mark-required\">\n\t\t\t\t\t\t\t\t\t\t\t\t<label for=\"form-field-field_e7895f2\" class=\"elementor-field-label\">\n\t\t\t\t\t\t\t\tAPELLIDO\t\t\t\t\t\t\t<\/label>\n\t\t\t\t\t\t\t\t\t\t\t\t\t\t<input size=\"1\" type=\"text\" name=\"form_fields[field_e7895f2]\" id=\"form-field-field_e7895f2\" class=\"elementor-field elementor-size-sm  elementor-field-textual\" placeholder=\"Apellido\" required=\"required\">\n\t\t\t\t\t\t\t\t\t\t\t<\/div>\n\t\t\t\t\t\t\t\t<div class=\"elementor-field-type-tel elementor-field-group elementor-column elementor-field-group-field_5a03c8a elementor-col-50 elementor-field-required elementor-mark-required\">\n\t\t\t\t\t\t\t\t\t\t\t\t<label for=\"form-field-field_5a03c8a\" class=\"elementor-field-label\">\n\t\t\t\t\t\t\t\tTEL\u00c9FONO \t\t\t\t\t\t\t<\/label>\n\t\t\t\t\t\t\t\t<input size=\"1\" type=\"tel\" name=\"form_fields[field_5a03c8a]\" id=\"form-field-field_5a03c8a\" class=\"elementor-field elementor-size-sm  elementor-field-textual\" placeholder=\"Por ejemplo: 612345678\" required=\"required\" pattern=\"[0-9()#&amp;+*-=.]+\" title=\"Only numbers and phone characters (#, -, *, etc) are accepted.\">\n\n\t\t\t\t\t\t<\/div>\n\t\t\t\t\t\t\t\t<div class=\"elementor-field-type-email elementor-field-group elementor-column elementor-field-group-email elementor-col-50 elementor-field-required elementor-mark-required\">\n\t\t\t\t\t\t\t\t\t\t\t\t<label for=\"form-field-email\" class=\"elementor-field-label\">\n\t\t\t\t\t\t\t\tEMAIL\t\t\t\t\t\t\t<\/label>\n\t\t\t\t\t\t\t\t\t\t\t\t\t\t<input size=\"1\" type=\"email\" name=\"form_fields[email]\" id=\"form-field-email\" class=\"elementor-field elementor-size-sm  elementor-field-textual\" placeholder=\"Por ejemplo: carlos@autobiz.com\" required=\"required\">\n\t\t\t\t\t\t\t\t\t\t\t<\/div>\n\t\t\t\t\t\t\t\t<div class=\"elementor-field-type-textarea elementor-field-group elementor-column elementor-field-group-message elementor-col-100 elementor-field-required elementor-mark-required\">\n\t\t\t\t\t\t\t\t\t\t\t\t<label for=\"form-field-message\" class=\"elementor-field-label\">\n\t\t\t\t\t\t\t\tSU MENSAJE \t\t\t\t\t\t\t<\/label>\n\t\t\t\t\t\t<textarea class=\"elementor-field-textual elementor-field  elementor-size-sm\" name=\"form_fields[message]\" id=\"form-field-message\" rows=\"7\" placeholder=\"Escriba aqu\u00ed su mensaje...\" required=\"required\"><\/textarea>\t\t\t\t<\/div>\n\t\t\t\t\t\t\t\t<div class=\"elementor-field-type-recaptcha elementor-field-group elementor-column elementor-field-group-field_3ce4dc5 elementor-col-100\">\n\t\t\t\t\t<div class=\"elementor-field\" id=\"form-field-field_3ce4dc5\"><div class=\"elementor-g-recaptcha\" data-sitekey=\"6LdnNaYhAAAAADipiWXOujq51pkq_i4Uba9OKRSi\" data-type=\"v2_checkbox\" data-theme=\"light\" data-size=\"normal\"><\/div><\/div>\t\t\t\t<\/div>\n\t\t\t\t\t\t\t\t<div class=\"elementor-field-type-html elementor-field-group elementor-column elementor-field-group-field_9d4b415 elementor-col-100\">\n\t\t\t\t\t<span style=\"color: #ff4e00;\">*<\/span> campos obligatorios\t\t\t\t<\/div>\n\t\t\t\t\t\t\t\t<div class=\"elementor-field-type-html elementor-field-group elementor-column elementor-field-group-field_8ed882c elementor-col-100\">\n\t\t\t\t\tLos datos recogidos en este formulario ser\u00e1n tratados por autobiz para responder a su solicitud, enviarle comunicaciones relacionadas con el marketing y elaborar estad\u00edsticas.<br\/>\nPara m\u00e1s informaci\u00f3n sobre c\u00f3mo procesamos sus datos y sobre sus derechos, consulte nuestra <span style=\"text-decoration: underline;\"><a href=\"https:\/\/corporate.autobiz.com\/es\/privacidad-cookies\/\" target=\"_blank\" rel=\"noopener\"> Pol\u00edtica de privacidad.<\/a><\/span>\t\t\t\t<\/div>\n\t\t\t\t\t\t\t\t<div class=\"elementor-field-group elementor-column elementor-field-type-submit elementor-col-100 e-form__buttons\">\n\t\t\t\t\t<button class=\"elementor-button elementor-size-xs\" type=\"submit\">\n\t\t\t\t\t\t<span class=\"elementor-button-content-wrapper\">\n\t\t\t\t\t\t\t\t\t\t\t\t\t\t\t\t\t\t\t\t\t\t<span class=\"elementor-button-text\">Enviar<\/span>\n\t\t\t\t\t\t\t\t\t\t\t\t\t<\/span>\n\t\t\t\t\t<\/button>\n\t\t\t\t<\/div>\n\t\t\t<\/div>\n\t\t<input\n                    class=\"apbct_special_field apbct_email_id__elementor_form\"\n                    name=\"apbct__email_id__elementor_form\"\n                    aria-label=\"apbct__label_id__elementor_form\"\n                    type=\"text\" size=\"30\" maxlength=\"200\" autocomplete=\"off\"\n                    value=\"\"\n                \/><\/form>\n\t\t\t\t\t\t<\/div>\n\t\t\t\t<\/div>\n\t\t\t\t\t<\/div>\n\t\t<\/div>\n\t\t\t\t\t<\/div>\n\t\t<\/section>\n\t\t\t\t<\/div>\n\t\t","protected":false},"excerpt":{"rendered":"<p>Mercados y operadores exclusivos de Internet autobiz es el principal proveedor mundial de datos de mercado y consultor\u00eda para los 20 principales operadores de anuncios clasificados del mundo. Mediante el an\u00e1lisis de anuncios y anunciantes de m\u00e1s de 500 sitios web en 37 pa\u00edses de todo el mundo, les apoyamos en su toma de decisiones [&hellip;]<\/p>\n","protected":false},"author":1,"featured_media":0,"parent":4125,"menu_order":0,"comment_status":"closed","ping_status":"closed","template":"","meta":{"footnotes":""},"class_list":["post-4133","page","type-page","status-publish","hentry"],"yoast_head":"<!-- This site is optimized with the Yoast SEO plugin v27.4 - https:\/\/yoast.com\/product\/yoast-seo-wordpress\/ -->\n<title>autobiz | Mercados y operadores exclusivos de Internet<\/title>\n<meta name=\"description\" content=\"autobiz es el principal proveedor mundial de datos de mercado y consultor\u00eda para los 20 principales operadores de anuncios clasificados del mundo.\" \/>\n<meta name=\"robots\" content=\"index, follow, max-snippet:-1, max-image-preview:large, max-video-preview:-1\" \/>\n<link rel=\"canonical\" href=\"https:\/\/corporate.autobiz.com\/es\/nuestros-clientes\/mercados-y-operadores-exclusivos-internet\/\" \/>\n<meta property=\"og:locale\" content=\"es_ES\" \/>\n<meta property=\"og:type\" content=\"article\" \/>\n<meta property=\"og:title\" content=\"autobiz | Mercados y operadores exclusivos de Internet\" \/>\n<meta property=\"og:description\" content=\"autobiz es el principal proveedor mundial de datos de mercado y consultor\u00eda para los 20 principales operadores de anuncios clasificados del mundo.\" \/>\n<meta property=\"og:url\" content=\"https:\/\/corporate.autobiz.com\/es\/nuestros-clientes\/mercados-y-operadores-exclusivos-internet\/\" \/>\n<meta property=\"og:site_name\" content=\"autobiz Corporate\" \/>\n<meta property=\"article:modified_time\" content=\"2024-03-16T10:13:22+00:00\" \/>\n<meta property=\"og:image\" content=\"https:\/\/corporate.autobiz.com\/wp-content\/uploads\/2023\/01\/pure-players.png\" \/>\n<meta name=\"twitter:card\" content=\"summary_large_image\" \/>\n<meta name=\"twitter:label1\" content=\"Tiempo de lectura\" \/>\n\t<meta name=\"twitter:data1\" content=\"1 minuto\" \/>\n<script type=\"application\/ld+json\" class=\"yoast-schema-graph\">{\"@context\":\"https:\\\/\\\/schema.org\",\"@graph\":[{\"@type\":\"WebPage\",\"@id\":\"https:\\\/\\\/corporate.autobiz.com\\\/es\\\/nuestros-clientes\\\/mercados-y-operadores-exclusivos-internet\\\/\",\"url\":\"https:\\\/\\\/corporate.autobiz.com\\\/es\\\/nuestros-clientes\\\/mercados-y-operadores-exclusivos-internet\\\/\",\"name\":\"autobiz | Mercados y operadores exclusivos de Internet\",\"isPartOf\":{\"@id\":\"https:\\\/\\\/corporate.autobiz.com\\\/es\\\/#website\"},\"primaryImageOfPage\":{\"@id\":\"https:\\\/\\\/corporate.autobiz.com\\\/es\\\/nuestros-clientes\\\/mercados-y-operadores-exclusivos-internet\\\/#primaryimage\"},\"image\":{\"@id\":\"https:\\\/\\\/corporate.autobiz.com\\\/es\\\/nuestros-clientes\\\/mercados-y-operadores-exclusivos-internet\\\/#primaryimage\"},\"thumbnailUrl\":\"https:\\\/\\\/corporate.autobiz.com\\\/wp-content\\\/uploads\\\/2023\\\/01\\\/pure-players.png\",\"datePublished\":\"2022-07-26T20:39:37+00:00\",\"dateModified\":\"2024-03-16T10:13:22+00:00\",\"description\":\"autobiz es el principal proveedor mundial de datos de mercado y consultor\u00eda para los 20 principales operadores de anuncios clasificados del mundo.\",\"breadcrumb\":{\"@id\":\"https:\\\/\\\/corporate.autobiz.com\\\/es\\\/nuestros-clientes\\\/mercados-y-operadores-exclusivos-internet\\\/#breadcrumb\"},\"inLanguage\":\"es\",\"potentialAction\":[{\"@type\":\"ReadAction\",\"target\":[\"https:\\\/\\\/corporate.autobiz.com\\\/es\\\/nuestros-clientes\\\/mercados-y-operadores-exclusivos-internet\\\/\"]}]},{\"@type\":\"ImageObject\",\"inLanguage\":\"es\",\"@id\":\"https:\\\/\\\/corporate.autobiz.com\\\/es\\\/nuestros-clientes\\\/mercados-y-operadores-exclusivos-internet\\\/#primaryimage\",\"url\":\"https:\\\/\\\/corporate.autobiz.com\\\/wp-content\\\/uploads\\\/2023\\\/01\\\/pure-players.png\",\"contentUrl\":\"https:\\\/\\\/corporate.autobiz.com\\\/wp-content\\\/uploads\\\/2023\\\/01\\\/pure-players.png\"},{\"@type\":\"BreadcrumbList\",\"@id\":\"https:\\\/\\\/corporate.autobiz.com\\\/es\\\/nuestros-clientes\\\/mercados-y-operadores-exclusivos-internet\\\/#breadcrumb\",\"itemListElement\":[{\"@type\":\"ListItem\",\"position\":1,\"name\":\"Inicio\",\"item\":\"https:\\\/\\\/corporate.autobiz.com\\\/es\\\/\"},{\"@type\":\"ListItem\",\"position\":2,\"name\":\"Nuestros clientes\",\"item\":\"https:\\\/\\\/corporate.autobiz.com\\\/es\\\/nuestros-clientes\\\/\"},{\"@type\":\"ListItem\",\"position\":3,\"name\":\"Mercados y operadores exclusivos de Internet\"}]},{\"@type\":\"WebSite\",\"@id\":\"https:\\\/\\\/corporate.autobiz.com\\\/es\\\/#website\",\"url\":\"https:\\\/\\\/corporate.autobiz.com\\\/es\\\/\",\"name\":\"autobiz Corporate\",\"description\":\"Leader europ\u00e9en de la cotation automobile et de la reprise\",\"publisher\":{\"@id\":\"https:\\\/\\\/corporate.autobiz.com\\\/es\\\/#organization\"},\"potentialAction\":[{\"@type\":\"SearchAction\",\"target\":{\"@type\":\"EntryPoint\",\"urlTemplate\":\"https:\\\/\\\/corporate.autobiz.com\\\/es\\\/?s={search_term_string}\"},\"query-input\":{\"@type\":\"PropertyValueSpecification\",\"valueRequired\":true,\"valueName\":\"search_term_string\"}}],\"inLanguage\":\"es\"},{\"@type\":\"Organization\",\"@id\":\"https:\\\/\\\/corporate.autobiz.com\\\/es\\\/#organization\",\"name\":\"autobiz Corporate\",\"url\":\"https:\\\/\\\/corporate.autobiz.com\\\/es\\\/\",\"logo\":{\"@type\":\"ImageObject\",\"inLanguage\":\"es\",\"@id\":\"https:\\\/\\\/corporate.autobiz.com\\\/es\\\/#\\\/schema\\\/logo\\\/image\\\/\",\"url\":\"https:\\\/\\\/corporate.autobiz.com\\\/wp-content\\\/uploads\\\/2022\\\/07\\\/logo-autobiz.png\",\"contentUrl\":\"https:\\\/\\\/corporate.autobiz.com\\\/wp-content\\\/uploads\\\/2022\\\/07\\\/logo-autobiz.png\",\"width\":320,\"height\":76,\"caption\":\"autobiz Corporate\"},\"image\":{\"@id\":\"https:\\\/\\\/corporate.autobiz.com\\\/es\\\/#\\\/schema\\\/logo\\\/image\\\/\"}}]}<\/script>\n<!-- \/ Yoast SEO plugin. -->","yoast_head_json":{"title":"autobiz | Mercados y operadores exclusivos de Internet","description":"autobiz es el principal proveedor mundial de datos de mercado y consultor\u00eda para los 20 principales operadores de anuncios clasificados del mundo.","robots":{"index":"index","follow":"follow","max-snippet":"max-snippet:-1","max-image-preview":"max-image-preview:large","max-video-preview":"max-video-preview:-1"},"canonical":"https:\/\/corporate.autobiz.com\/es\/nuestros-clientes\/mercados-y-operadores-exclusivos-internet\/","og_locale":"es_ES","og_type":"article","og_title":"autobiz | Mercados y operadores exclusivos de Internet","og_description":"autobiz es el principal proveedor mundial de datos de mercado y consultor\u00eda para los 20 principales operadores de anuncios clasificados del mundo.","og_url":"https:\/\/corporate.autobiz.com\/es\/nuestros-clientes\/mercados-y-operadores-exclusivos-internet\/","og_site_name":"autobiz Corporate","article_modified_time":"2024-03-16T10:13:22+00:00","og_image":[{"url":"https:\/\/corporate.autobiz.com\/wp-content\/uploads\/2023\/01\/pure-players.png","type":"","width":"","height":""}],"twitter_card":"summary_large_image","twitter_misc":{"Tiempo de lectura":"1 minuto"},"schema":{"@context":"https:\/\/schema.org","@graph":[{"@type":"WebPage","@id":"https:\/\/corporate.autobiz.com\/es\/nuestros-clientes\/mercados-y-operadores-exclusivos-internet\/","url":"https:\/\/corporate.autobiz.com\/es\/nuestros-clientes\/mercados-y-operadores-exclusivos-internet\/","name":"autobiz | Mercados y operadores exclusivos de Internet","isPartOf":{"@id":"https:\/\/corporate.autobiz.com\/es\/#website"},"primaryImageOfPage":{"@id":"https:\/\/corporate.autobiz.com\/es\/nuestros-clientes\/mercados-y-operadores-exclusivos-internet\/#primaryimage"},"image":{"@id":"https:\/\/corporate.autobiz.com\/es\/nuestros-clientes\/mercados-y-operadores-exclusivos-internet\/#primaryimage"},"thumbnailUrl":"https:\/\/corporate.autobiz.com\/wp-content\/uploads\/2023\/01\/pure-players.png","datePublished":"2022-07-26T20:39:37+00:00","dateModified":"2024-03-16T10:13:22+00:00","description":"autobiz es el principal proveedor mundial de datos de mercado y consultor\u00eda para los 20 principales operadores de anuncios clasificados del mundo.","breadcrumb":{"@id":"https:\/\/corporate.autobiz.com\/es\/nuestros-clientes\/mercados-y-operadores-exclusivos-internet\/#breadcrumb"},"inLanguage":"es","potentialAction":[{"@type":"ReadAction","target":["https:\/\/corporate.autobiz.com\/es\/nuestros-clientes\/mercados-y-operadores-exclusivos-internet\/"]}]},{"@type":"ImageObject","inLanguage":"es","@id":"https:\/\/corporate.autobiz.com\/es\/nuestros-clientes\/mercados-y-operadores-exclusivos-internet\/#primaryimage","url":"https:\/\/corporate.autobiz.com\/wp-content\/uploads\/2023\/01\/pure-players.png","contentUrl":"https:\/\/corporate.autobiz.com\/wp-content\/uploads\/2023\/01\/pure-players.png"},{"@type":"BreadcrumbList","@id":"https:\/\/corporate.autobiz.com\/es\/nuestros-clientes\/mercados-y-operadores-exclusivos-internet\/#breadcrumb","itemListElement":[{"@type":"ListItem","position":1,"name":"Inicio","item":"https:\/\/corporate.autobiz.com\/es\/"},{"@type":"ListItem","position":2,"name":"Nuestros clientes","item":"https:\/\/corporate.autobiz.com\/es\/nuestros-clientes\/"},{"@type":"ListItem","position":3,"name":"Mercados y operadores exclusivos de Internet"}]},{"@type":"WebSite","@id":"https:\/\/corporate.autobiz.com\/es\/#website","url":"https:\/\/corporate.autobiz.com\/es\/","name":"autobiz Corporate","description":"Leader europ\u00e9en de la cotation automobile et de la reprise","publisher":{"@id":"https:\/\/corporate.autobiz.com\/es\/#organization"},"potentialAction":[{"@type":"SearchAction","target":{"@type":"EntryPoint","urlTemplate":"https:\/\/corporate.autobiz.com\/es\/?s={search_term_string}"},"query-input":{"@type":"PropertyValueSpecification","valueRequired":true,"valueName":"search_term_string"}}],"inLanguage":"es"},{"@type":"Organization","@id":"https:\/\/corporate.autobiz.com\/es\/#organization","name":"autobiz Corporate","url":"https:\/\/corporate.autobiz.com\/es\/","logo":{"@type":"ImageObject","inLanguage":"es","@id":"https:\/\/corporate.autobiz.com\/es\/#\/schema\/logo\/image\/","url":"https:\/\/corporate.autobiz.com\/wp-content\/uploads\/2022\/07\/logo-autobiz.png","contentUrl":"https:\/\/corporate.autobiz.com\/wp-content\/uploads\/2022\/07\/logo-autobiz.png","width":320,"height":76,"caption":"autobiz Corporate"},"image":{"@id":"https:\/\/corporate.autobiz.com\/es\/#\/schema\/logo\/image\/"}}]}},"_links":{"self":[{"href":"https:\/\/corporate.autobiz.com\/es\/wp-json\/wp\/v2\/pages\/4133","targetHints":{"allow":["GET"]}}],"collection":[{"href":"https:\/\/corporate.autobiz.com\/es\/wp-json\/wp\/v2\/pages"}],"about":[{"href":"https:\/\/corporate.autobiz.com\/es\/wp-json\/wp\/v2\/types\/page"}],"author":[{"embeddable":true,"href":"https:\/\/corporate.autobiz.com\/es\/wp-json\/wp\/v2\/users\/1"}],"replies":[{"embeddable":true,"href":"https:\/\/corporate.autobiz.com\/es\/wp-json\/wp\/v2\/comments?post=4133"}],"version-history":[{"count":0,"href":"https:\/\/corporate.autobiz.com\/es\/wp-json\/wp\/v2\/pages\/4133\/revisions"}],"up":[{"embeddable":true,"href":"https:\/\/corporate.autobiz.com\/es\/wp-json\/wp\/v2\/pages\/4125"}],"wp:attachment":[{"href":"https:\/\/corporate.autobiz.com\/es\/wp-json\/wp\/v2\/media?parent=4133"}],"curies":[{"name":"wp","href":"https:\/\/api.w.org\/{rel}","templated":true}]}}