{"id":4109,"date":"2022-07-31T18:40:41","date_gmt":"2022-07-31T16:40:41","guid":{"rendered":"https:\/\/corporate.autobiz.com\/mentions-legales\/"},"modified":"2023-04-03T09:54:14","modified_gmt":"2023-04-03T07:54:14","slug":"aviso-legal","status":"publish","type":"page","link":"https:\/\/corporate.autobiz.com\/es\/aviso-legal\/","title":{"rendered":"Aviso legal"},"content":{"rendered":"\t\t<div data-elementor-type=\"wp-page\" data-elementor-id=\"4109\" class=\"elementor elementor-4109 elementor-2072\" data-elementor-post-type=\"page\">\n\t\t\t\t\t\t<section class=\"elementor-section elementor-top-section elementor-element elementor-element-5805dcc0 elementor-hidden-mobile elementor-section-boxed elementor-section-height-default elementor-section-height-default\" data-id=\"5805dcc0\" data-element_type=\"section\" data-settings=\"{&quot;jet_parallax_layout_list&quot;:[]}\">\n\t\t\t\t\t\t<div class=\"elementor-container elementor-column-gap-default\">\n\t\t\t\t\t<div class=\"elementor-column elementor-col-100 elementor-top-column elementor-element elementor-element-42cd38ac\" data-id=\"42cd38ac\" data-element_type=\"column\">\n\t\t\t<div class=\"elementor-widget-wrap elementor-element-populated\">\n\t\t\t\t\t\t<div class=\"elementor-element elementor-element-2f72305d elementor-widget elementor-widget-breadcrumbs\" data-id=\"2f72305d\" data-element_type=\"widget\" data-widget_type=\"breadcrumbs.default\">\n\t\t\t\t<div class=\"elementor-widget-container\">\n\t\t\t\t\t<p id=\"breadcrumbs\"><span><span><a href=\"https:\/\/corporate.autobiz.com\/es\/\">Inicio<\/a><\/span><\/span><\/p>\t\t\t\t<\/div>\n\t\t\t\t<\/div>\n\t\t\t\t\t<\/div>\n\t\t<\/div>\n\t\t\t\t\t<\/div>\n\t\t<\/section>\n\t\t\t\t<section class=\"elementor-section elementor-top-section elementor-element elementor-element-1c6d0bd5 elementor-section-boxed elementor-section-height-default elementor-section-height-default\" data-id=\"1c6d0bd5\" data-element_type=\"section\" data-settings=\"{&quot;jet_parallax_layout_list&quot;:[],&quot;background_background&quot;:&quot;classic&quot;}\">\n\t\t\t\t\t\t<div class=\"elementor-container elementor-column-gap-default\">\n\t\t\t\t\t<div class=\"elementor-column elementor-col-100 elementor-top-column elementor-element elementor-element-4c2feb55\" data-id=\"4c2feb55\" data-element_type=\"column\">\n\t\t\t<div class=\"elementor-widget-wrap elementor-element-populated\">\n\t\t\t\t\t\t<section class=\"elementor-section elementor-inner-section elementor-element elementor-element-305d5a3 elementor-section-height-min-height elementor-section-content-middle elementor-section-boxed elementor-section-height-default\" data-id=\"305d5a3\" data-element_type=\"section\" data-settings=\"{&quot;background_background&quot;:&quot;classic&quot;,&quot;jet_parallax_layout_list&quot;:[]}\">\n\t\t\t\t\t\t<div class=\"elementor-container elementor-column-gap-default\">\n\t\t\t\t\t<div class=\"elementor-column elementor-col-50 elementor-inner-column elementor-element elementor-element-14f1cc7\" data-id=\"14f1cc7\" data-element_type=\"column\">\n\t\t\t<div class=\"elementor-widget-wrap elementor-element-populated\">\n\t\t\t\t\t\t<div class=\"elementor-element elementor-element-572644e elementor-widget elementor-widget-heading\" data-id=\"572644e\" data-element_type=\"widget\" data-widget_type=\"heading.default\">\n\t\t\t\t<div class=\"elementor-widget-container\">\n\t\t\t\t\t<h1 class=\"elementor-heading-title elementor-size-default\">Aviso legal<\/h1>\t\t\t\t<\/div>\n\t\t\t\t<\/div>\n\t\t\t\t<div class=\"elementor-element elementor-element-fe101b7 elementor-widget elementor-widget-text-editor\" data-id=\"fe101b7\" data-element_type=\"widget\" data-widget_type=\"text-editor.default\">\n\t\t\t\t<div class=\"elementor-widget-container\">\n\t\t\t\t\t\t\t\t\t<p>Aviso legal del sitio web corporate.autobiz.com<\/p>\t\t\t\t\t\t\t\t<\/div>\n\t\t\t\t<\/div>\n\t\t\t\t\t<\/div>\n\t\t<\/div>\n\t\t\t\t<div class=\"elementor-column elementor-col-50 elementor-inner-column elementor-element elementor-element-f3e834b elementor-hidden-tablet elementor-hidden-mobile\" data-id=\"f3e834b\" data-element_type=\"column\">\n\t\t\t<div class=\"elementor-widget-wrap\">\n\t\t\t\t\t\t\t<\/div>\n\t\t<\/div>\n\t\t\t\t\t<\/div>\n\t\t<\/section>\n\t\t\t\t\t<\/div>\n\t\t<\/div>\n\t\t\t\t\t<\/div>\n\t\t<\/section>\n\t\t\t\t<section class=\"elementor-section elementor-top-section elementor-element elementor-element-79cb7a3 elementor-section-boxed elementor-section-height-default elementor-section-height-default\" data-id=\"79cb7a3\" data-element_type=\"section\" data-settings=\"{&quot;jet_parallax_layout_list&quot;:[]}\">\n\t\t\t\t\t\t<div class=\"elementor-container elementor-column-gap-default\">\n\t\t\t\t\t<div class=\"elementor-column elementor-col-100 elementor-top-column elementor-element elementor-element-719f512\" data-id=\"719f512\" data-element_type=\"column\">\n\t\t\t<div class=\"elementor-widget-wrap elementor-element-populated\">\n\t\t\t\t\t\t<div class=\"elementor-element elementor-element-4adcf63 elementor-widget elementor-widget-heading\" data-id=\"4adcf63\" data-element_type=\"widget\" data-widget_type=\"heading.default\">\n\t\t\t\t<div class=\"elementor-widget-container\">\n\t\t\t\t\t<h4 class=\"elementor-heading-title elementor-size-default\">Propietario<\/h4>\t\t\t\t<\/div>\n\t\t\t\t<\/div>\n\t\t\t\t<div class=\"elementor-element elementor-element-82756a8 elementor-widget elementor-widget-text-editor\" data-id=\"82756a8\" data-element_type=\"widget\" data-widget_type=\"text-editor.default\">\n\t\t\t\t<div class=\"elementor-widget-container\">\n\t\t\t\t\t\t\t\t\t<p>Este sitio es propiedad de: autobiz SAS, sociedad por acciones simplificada con un capital de 274.716 euros, n\u00famero SIRET 44023877200063<\/p><p>Tel\u00e9fono: 01 41 44 91 00<\/p><p>Direcci\u00f3n de correo electr\u00f3nico: contactb2b@autobiz.com<\/p><p>Direcci\u00f3n: 4 place des Vosges, 92400 Courbevoie<\/p>\t\t\t\t\t\t\t\t<\/div>\n\t\t\t\t<\/div>\n\t\t\t\t<div class=\"elementor-element elementor-element-7ea2237 elementor-widget elementor-widget-heading\" data-id=\"7ea2237\" data-element_type=\"widget\" data-widget_type=\"heading.default\">\n\t\t\t\t<div class=\"elementor-widget-container\">\n\t\t\t\t\t<h4 class=\"elementor-heading-title elementor-size-default\">Este sitio est\u00e1 alojado en :<\/h4>\t\t\t\t<\/div>\n\t\t\t\t<\/div>\n\t\t\t\t<div class=\"elementor-element elementor-element-ae84560 elementor-widget elementor-widget-text-editor\" data-id=\"ae84560\" data-element_type=\"widget\" data-widget_type=\"text-editor.default\">\n\t\t\t\t<div class=\"elementor-widget-container\">\n\t\t\t\t\t\t\t\t\t<p>Este sitio est\u00e1 alojado en Hostinger International Ltd:<\/p><p>Calle Lordou Vironos, 61, 6023 Larnaca, Chipre<\/p><p>(localizable desde el sitio web: https:\/\/www.hostinger.fr\/contact)<\/p>\t\t\t\t\t\t\t\t<\/div>\n\t\t\t\t<\/div>\n\t\t\t\t<div class=\"elementor-element elementor-element-476aeb1 elementor-widget elementor-widget-heading\" data-id=\"476aeb1\" data-element_type=\"widget\" data-widget_type=\"heading.default\">\n\t\t\t\t<div class=\"elementor-widget-container\">\n\t\t\t\t\t<h4 class=\"elementor-heading-title elementor-size-default\">Responsable de la publicaci\u00f3n<\/h4>\t\t\t\t<\/div>\n\t\t\t\t<\/div>\n\t\t\t\t<div class=\"elementor-element elementor-element-47893b5 elementor-widget elementor-widget-text-editor\" data-id=\"47893b5\" data-element_type=\"widget\" data-widget_type=\"text-editor.default\">\n\t\t\t\t<div class=\"elementor-widget-container\">\n\t\t\t\t\t\t\t\t\t<p>El director de la publicaci\u00f3n es el Sr. Emmanuel LABI.<\/p>\t\t\t\t\t\t\t\t<\/div>\n\t\t\t\t<\/div>\n\t\t\t\t<div class=\"elementor-element elementor-element-23367dc elementor-widget elementor-widget-heading\" data-id=\"23367dc\" data-element_type=\"widget\" data-widget_type=\"heading.default\">\n\t\t\t\t<div class=\"elementor-widget-container\">\n\t\t\t\t\t<h4 class=\"elementor-heading-title elementor-size-default\">Propiedad intelectual<\/h4>\t\t\t\t<\/div>\n\t\t\t\t<\/div>\n\t\t\t\t<div class=\"elementor-element elementor-element-9af8ef4 elementor-widget elementor-widget-text-editor\" data-id=\"9af8ef4\" data-element_type=\"widget\" data-widget_type=\"text-editor.default\">\n\t\t\t\t<div class=\"elementor-widget-container\">\n\t\t\t\t\t\t\t\t\t<p>El contenido de este sitio es propiedad exclusiva de autobiz SAS. Cualquier representaci\u00f3n total o parcial de este sitio est\u00e1 sujeta a la autorizaci\u00f3n previa, escrita y expresa de autobiz SAS.<\/p>\t\t\t\t\t\t\t\t<\/div>\n\t\t\t\t<\/div>\n\t\t\t\t<div class=\"elementor-element elementor-element-d24b398 elementor-widget elementor-widget-heading\" data-id=\"d24b398\" data-element_type=\"widget\" data-widget_type=\"heading.default\">\n\t\t\t\t<div class=\"elementor-widget-container\">\n\t\t\t\t\t<h4 class=\"elementor-heading-title elementor-size-default\">Uso de cookies<\/h4>\t\t\t\t<\/div>\n\t\t\t\t<\/div>\n\t\t\t\t<div class=\"elementor-element elementor-element-a0c5d0f elementor-widget elementor-widget-text-editor\" data-id=\"a0c5d0f\" data-element_type=\"widget\" data-widget_type=\"text-editor.default\">\n\t\t\t\t<div class=\"elementor-widget-container\">\n\t\t\t\t\t\t\t\t\t<p>Cuando usted visita nuestro sitio web autobiz Corporate, se puede registrar y\/o leer informaci\u00f3n (cookies) en su terminal (ordenador, tableta, tel\u00e9fono m\u00f3vil o cualquier otro dispositivo optimizado para Internet). Puede consultar nuestra pol\u00edtica de protecci\u00f3n de datos relativa a la recogida y tratamiento de datos en el siguiente enlace: https:\/\/corporate.autobiz.com\/vie-privee-et-cookies\/<\/p>\t\t\t\t\t\t\t\t<\/div>\n\t\t\t\t<\/div>\n\t\t\t\t\t<\/div>\n\t\t<\/div>\n\t\t\t\t\t<\/div>\n\t\t<\/section>\n\t\t\t\t<\/div>\n\t\t","protected":false},"excerpt":{"rendered":"<p>Aviso legal del sitio web corporate.autobiz.com Propietario Este sitio es propiedad de: autobiz SAS, sociedad por acciones simplificada con un capital de 274.716 euros, n\u00famero SIRET 44023877200063 Tel\u00e9fono: 01 41 44 91 00 Direcci\u00f3n de correo electr\u00f3nico: contactb2b@autobiz.com Direcci\u00f3n: 4 place des Vosges, 92400 Courbevoie Este sitio est\u00e1 alojado en : Este sitio est\u00e1 alojado [&hellip;]<\/p>\n","protected":false},"author":1,"featured_media":0,"parent":0,"menu_order":0,"comment_status":"closed","ping_status":"closed","template":"","meta":{"footnotes":""},"class_list":["post-4109","page","type-page","status-publish","hentry"],"yoast_head":"<!-- This site is optimized with the Yoast SEO plugin v27.4 - https:\/\/yoast.com\/product\/yoast-seo-wordpress\/ -->\n<title>autobiz | Aviso legal<\/title>\n<meta name=\"description\" content=\"autobiz aviso legal del sitio web corporate.autobiz.com. Este sitio es propiedad de autobiz SAS, sociedad por acciones simplificada con un capital de 274.716 euros, n\u00famero SIRET 44023877200063\" \/>\n<meta name=\"robots\" content=\"index, follow, max-snippet:-1, max-image-preview:large, max-video-preview:-1\" \/>\n<link rel=\"canonical\" href=\"https:\/\/corporate.autobiz.com\/es\/aviso-legal\/\" \/>\n<meta property=\"og:locale\" content=\"es_ES\" \/>\n<meta property=\"og:type\" content=\"article\" \/>\n<meta property=\"og:title\" content=\"autobiz | Aviso legal\" \/>\n<meta property=\"og:description\" content=\"autobiz aviso legal del sitio web corporate.autobiz.com. Este sitio es propiedad de autobiz SAS, sociedad por acciones simplificada con un capital de 274.716 euros, n\u00famero SIRET 44023877200063\" \/>\n<meta property=\"og:url\" content=\"https:\/\/corporate.autobiz.com\/es\/aviso-legal\/\" \/>\n<meta property=\"og:site_name\" content=\"autobiz Corporate\" \/>\n<meta property=\"article:modified_time\" content=\"2023-04-03T07:54:14+00:00\" \/>\n<meta name=\"twitter:card\" content=\"summary_large_image\" \/>\n<meta name=\"twitter:label1\" content=\"Tiempo de lectura\" \/>\n\t<meta name=\"twitter:data1\" content=\"1 minuto\" \/>\n<script type=\"application\/ld+json\" class=\"yoast-schema-graph\">{\"@context\":\"https:\\\/\\\/schema.org\",\"@graph\":[{\"@type\":\"WebPage\",\"@id\":\"https:\\\/\\\/corporate.autobiz.com\\\/es\\\/aviso-legal\\\/\",\"url\":\"https:\\\/\\\/corporate.autobiz.com\\\/es\\\/aviso-legal\\\/\",\"name\":\"autobiz | Aviso legal\",\"isPartOf\":{\"@id\":\"https:\\\/\\\/corporate.autobiz.com\\\/es\\\/#website\"},\"datePublished\":\"2022-07-31T16:40:41+00:00\",\"dateModified\":\"2023-04-03T07:54:14+00:00\",\"description\":\"autobiz aviso legal del sitio web corporate.autobiz.com. Este sitio es propiedad de autobiz SAS, sociedad por acciones simplificada con un capital de 274.716 euros, n\u00famero SIRET 44023877200063\",\"breadcrumb\":{\"@id\":\"https:\\\/\\\/corporate.autobiz.com\\\/es\\\/aviso-legal\\\/#breadcrumb\"},\"inLanguage\":\"es\",\"potentialAction\":[{\"@type\":\"ReadAction\",\"target\":[\"https:\\\/\\\/corporate.autobiz.com\\\/es\\\/aviso-legal\\\/\"]}]},{\"@type\":\"BreadcrumbList\",\"@id\":\"https:\\\/\\\/corporate.autobiz.com\\\/es\\\/aviso-legal\\\/#breadcrumb\",\"itemListElement\":[{\"@type\":\"ListItem\",\"position\":1,\"name\":\"Inicio\",\"item\":\"https:\\\/\\\/corporate.autobiz.com\\\/es\\\/\"},{\"@type\":\"ListItem\",\"position\":2,\"name\":\"Aviso legal\"}]},{\"@type\":\"WebSite\",\"@id\":\"https:\\\/\\\/corporate.autobiz.com\\\/es\\\/#website\",\"url\":\"https:\\\/\\\/corporate.autobiz.com\\\/es\\\/\",\"name\":\"autobiz Corporate\",\"description\":\"Leader europ\u00e9en de la cotation automobile et de la reprise\",\"publisher\":{\"@id\":\"https:\\\/\\\/corporate.autobiz.com\\\/es\\\/#organization\"},\"potentialAction\":[{\"@type\":\"SearchAction\",\"target\":{\"@type\":\"EntryPoint\",\"urlTemplate\":\"https:\\\/\\\/corporate.autobiz.com\\\/es\\\/?s={search_term_string}\"},\"query-input\":{\"@type\":\"PropertyValueSpecification\",\"valueRequired\":true,\"valueName\":\"search_term_string\"}}],\"inLanguage\":\"es\"},{\"@type\":\"Organization\",\"@id\":\"https:\\\/\\\/corporate.autobiz.com\\\/es\\\/#organization\",\"name\":\"autobiz Corporate\",\"url\":\"https:\\\/\\\/corporate.autobiz.com\\\/es\\\/\",\"logo\":{\"@type\":\"ImageObject\",\"inLanguage\":\"es\",\"@id\":\"https:\\\/\\\/corporate.autobiz.com\\\/es\\\/#\\\/schema\\\/logo\\\/image\\\/\",\"url\":\"https:\\\/\\\/corporate.autobiz.com\\\/wp-content\\\/uploads\\\/2022\\\/07\\\/logo-autobiz.png\",\"contentUrl\":\"https:\\\/\\\/corporate.autobiz.com\\\/wp-content\\\/uploads\\\/2022\\\/07\\\/logo-autobiz.png\",\"width\":320,\"height\":76,\"caption\":\"autobiz Corporate\"},\"image\":{\"@id\":\"https:\\\/\\\/corporate.autobiz.com\\\/es\\\/#\\\/schema\\\/logo\\\/image\\\/\"}}]}<\/script>\n<!-- \/ Yoast SEO plugin. -->","yoast_head_json":{"title":"autobiz | Aviso legal","description":"autobiz aviso legal del sitio web corporate.autobiz.com. Este sitio es propiedad de autobiz SAS, sociedad por acciones simplificada con un capital de 274.716 euros, n\u00famero SIRET 44023877200063","robots":{"index":"index","follow":"follow","max-snippet":"max-snippet:-1","max-image-preview":"max-image-preview:large","max-video-preview":"max-video-preview:-1"},"canonical":"https:\/\/corporate.autobiz.com\/es\/aviso-legal\/","og_locale":"es_ES","og_type":"article","og_title":"autobiz | Aviso legal","og_description":"autobiz aviso legal del sitio web corporate.autobiz.com. Este sitio es propiedad de autobiz SAS, sociedad por acciones simplificada con un capital de 274.716 euros, n\u00famero SIRET 44023877200063","og_url":"https:\/\/corporate.autobiz.com\/es\/aviso-legal\/","og_site_name":"autobiz Corporate","article_modified_time":"2023-04-03T07:54:14+00:00","twitter_card":"summary_large_image","twitter_misc":{"Tiempo de lectura":"1 minuto"},"schema":{"@context":"https:\/\/schema.org","@graph":[{"@type":"WebPage","@id":"https:\/\/corporate.autobiz.com\/es\/aviso-legal\/","url":"https:\/\/corporate.autobiz.com\/es\/aviso-legal\/","name":"autobiz | Aviso legal","isPartOf":{"@id":"https:\/\/corporate.autobiz.com\/es\/#website"},"datePublished":"2022-07-31T16:40:41+00:00","dateModified":"2023-04-03T07:54:14+00:00","description":"autobiz aviso legal del sitio web corporate.autobiz.com. Este sitio es propiedad de autobiz SAS, sociedad por acciones simplificada con un capital de 274.716 euros, n\u00famero SIRET 44023877200063","breadcrumb":{"@id":"https:\/\/corporate.autobiz.com\/es\/aviso-legal\/#breadcrumb"},"inLanguage":"es","potentialAction":[{"@type":"ReadAction","target":["https:\/\/corporate.autobiz.com\/es\/aviso-legal\/"]}]},{"@type":"BreadcrumbList","@id":"https:\/\/corporate.autobiz.com\/es\/aviso-legal\/#breadcrumb","itemListElement":[{"@type":"ListItem","position":1,"name":"Inicio","item":"https:\/\/corporate.autobiz.com\/es\/"},{"@type":"ListItem","position":2,"name":"Aviso legal"}]},{"@type":"WebSite","@id":"https:\/\/corporate.autobiz.com\/es\/#website","url":"https:\/\/corporate.autobiz.com\/es\/","name":"autobiz Corporate","description":"Leader europ\u00e9en de la cotation automobile et de la reprise","publisher":{"@id":"https:\/\/corporate.autobiz.com\/es\/#organization"},"potentialAction":[{"@type":"SearchAction","target":{"@type":"EntryPoint","urlTemplate":"https:\/\/corporate.autobiz.com\/es\/?s={search_term_string}"},"query-input":{"@type":"PropertyValueSpecification","valueRequired":true,"valueName":"search_term_string"}}],"inLanguage":"es"},{"@type":"Organization","@id":"https:\/\/corporate.autobiz.com\/es\/#organization","name":"autobiz Corporate","url":"https:\/\/corporate.autobiz.com\/es\/","logo":{"@type":"ImageObject","inLanguage":"es","@id":"https:\/\/corporate.autobiz.com\/es\/#\/schema\/logo\/image\/","url":"https:\/\/corporate.autobiz.com\/wp-content\/uploads\/2022\/07\/logo-autobiz.png","contentUrl":"https:\/\/corporate.autobiz.com\/wp-content\/uploads\/2022\/07\/logo-autobiz.png","width":320,"height":76,"caption":"autobiz Corporate"},"image":{"@id":"https:\/\/corporate.autobiz.com\/es\/#\/schema\/logo\/image\/"}}]}},"_links":{"self":[{"href":"https:\/\/corporate.autobiz.com\/es\/wp-json\/wp\/v2\/pages\/4109","targetHints":{"allow":["GET"]}}],"collection":[{"href":"https:\/\/corporate.autobiz.com\/es\/wp-json\/wp\/v2\/pages"}],"about":[{"href":"https:\/\/corporate.autobiz.com\/es\/wp-json\/wp\/v2\/types\/page"}],"author":[{"embeddable":true,"href":"https:\/\/corporate.autobiz.com\/es\/wp-json\/wp\/v2\/users\/1"}],"replies":[{"embeddable":true,"href":"https:\/\/corporate.autobiz.com\/es\/wp-json\/wp\/v2\/comments?post=4109"}],"version-history":[{"count":0,"href":"https:\/\/corporate.autobiz.com\/es\/wp-json\/wp\/v2\/pages\/4109\/revisions"}],"wp:attachment":[{"href":"https:\/\/corporate.autobiz.com\/es\/wp-json\/wp\/v2\/media?parent=4109"}],"curies":[{"name":"wp","href":"https:\/\/api.w.org\/{rel}","templated":true}]}}