{"id":13941,"date":"2022-07-26T22:38:00","date_gmt":"2022-07-26T20:38:00","guid":{"rendered":"https:\/\/corporate.autobiz.com\/?page_id=13941"},"modified":"2024-03-16T10:22:43","modified_gmt":"2024-03-16T09:22:43","slug":"bankwesen-finanzen-versicherungen","status":"publish","type":"page","link":"https:\/\/corporate.autobiz.com\/de\/unsere-kunden\/bankwesen-finanzen-versicherungen\/","title":{"rendered":"Bankwesen, Finanzen, Versicherungen"},"content":{"rendered":"\t\t<div data-elementor-type=\"wp-page\" data-elementor-id=\"13941\" class=\"elementor elementor-13941 elementor-1169\" data-elementor-post-type=\"page\">\n\t\t\t\t\t\t<section class=\"elementor-section elementor-top-section elementor-element elementor-element-57884fc3 elementor-hidden-mobile elementor-section-boxed elementor-section-height-default elementor-section-height-default\" data-id=\"57884fc3\" data-element_type=\"section\" data-settings=\"{&quot;jet_parallax_layout_list&quot;:[]}\">\n\t\t\t\t\t\t<div class=\"elementor-container elementor-column-gap-default\">\n\t\t\t\t\t<div class=\"elementor-column elementor-col-100 elementor-top-column elementor-element elementor-element-18796cc\" data-id=\"18796cc\" data-element_type=\"column\">\n\t\t\t<div class=\"elementor-widget-wrap elementor-element-populated\">\n\t\t\t\t\t\t<div class=\"elementor-element elementor-element-253e3ab7 elementor-widget elementor-widget-breadcrumbs\" data-id=\"253e3ab7\" data-element_type=\"widget\" data-widget_type=\"breadcrumbs.default\">\n\t\t\t\t<div class=\"elementor-widget-container\">\n\t\t\t\t\t<p id=\"breadcrumbs\"><span><span><a href=\"https:\/\/corporate.autobiz.com\/de\/\">Startseite<\/a><\/span><\/span><\/p>\t\t\t\t<\/div>\n\t\t\t\t<\/div>\n\t\t\t\t\t<\/div>\n\t\t<\/div>\n\t\t\t\t\t<\/div>\n\t\t<\/section>\n\t\t\t\t<section class=\"elementor-section elementor-top-section elementor-element elementor-element-427e5364 elementor-section-boxed elementor-section-height-default elementor-section-height-default\" data-id=\"427e5364\" data-element_type=\"section\" data-settings=\"{&quot;jet_parallax_layout_list&quot;:[]}\">\n\t\t\t\t\t\t<div class=\"elementor-container elementor-column-gap-extended\">\n\t\t\t\t\t<div class=\"elementor-column elementor-col-50 elementor-top-column elementor-element elementor-element-3e82872f\" data-id=\"3e82872f\" data-element_type=\"column\">\n\t\t\t<div class=\"elementor-widget-wrap elementor-element-populated\">\n\t\t\t\t\t\t<div class=\"elementor-element elementor-element-70b11458 elementor-widget elementor-widget-image\" data-id=\"70b11458\" data-element_type=\"widget\" data-widget_type=\"image.default\">\n\t\t\t\t<div class=\"elementor-widget-container\">\n\t\t\t\t\t\t\t\t\t\t\t\t\t\t\t<img fetchpriority=\"high\" decoding=\"async\" width=\"692\" height=\"477\" src=\"https:\/\/corporate.autobiz.com\/wp-content\/uploads\/2023\/01\/banque.png\" class=\"attachment-large size-large wp-image-13112\" alt=\"\" srcset=\"https:\/\/corporate.autobiz.com\/wp-content\/uploads\/2023\/01\/banque.png 692w, https:\/\/corporate.autobiz.com\/wp-content\/uploads\/2023\/01\/banque-300x207.png 300w\" sizes=\"(max-width: 692px) 100vw, 692px\" \/>\t\t\t\t\t\t\t\t\t\t\t\t\t\t\t<\/div>\n\t\t\t\t<\/div>\n\t\t\t\t<div class=\"elementor-element elementor-element-1fd54f9a elementor-widget elementor-widget-heading\" data-id=\"1fd54f9a\" data-element_type=\"widget\" data-widget_type=\"heading.default\">\n\t\t\t\t<div class=\"elementor-widget-container\">\n\t\t\t\t\t<h2 class=\"elementor-heading-title elementor-size-default\">Bankwesen, Finanzen, Versicherungen<\/h2>\t\t\t\t<\/div>\n\t\t\t\t<\/div>\n\t\t\t\t<div class=\"elementor-element elementor-element-e950485 elementor-widget elementor-widget-text-editor\" data-id=\"e950485\" data-element_type=\"widget\" data-widget_type=\"text-editor.default\">\n\t\t\t\t<div class=\"elementor-widget-container\">\n\t\t\t\t\t\t\t\t\t<p>Seit 2016 hat autobiz sein Big-Data-Know-how auf die Bed\u00fcrfnisse der 8 gr\u00f6\u00dften Bank- und Versicherungsunternehmen im Automobilsektor abgestimmt.<\/p><p>Wir unterst\u00fctzen Sie bei ihrem Risikomanagement oder der Optimierung der Rentabilit\u00e4t ihrer Fahrzeugflotten durch folgende Dienstleistungen:<\/p>\t\t\t\t\t\t\t\t<\/div>\n\t\t\t\t<\/div>\n\t\t\t\t<div class=\"elementor-element elementor-element-1302107 elementor-hidden-desktop elementor-hidden-tablet elementor-widget-divider--view-line elementor-widget elementor-widget-divider\" data-id=\"1302107\" data-element_type=\"widget\" data-widget_type=\"divider.default\">\n\t\t\t\t<div class=\"elementor-widget-container\">\n\t\t\t\t\t\t\t<div class=\"elementor-divider\">\n\t\t\t<span class=\"elementor-divider-separator\">\n\t\t\t\t\t\t<\/span>\n\t\t<\/div>\n\t\t\t\t\t\t<\/div>\n\t\t\t\t<\/div>\n\t\t\t\t\t<\/div>\n\t\t<\/div>\n\t\t\t\t<div class=\"elementor-column elementor-col-50 elementor-top-column elementor-element elementor-element-6a67e073\" data-id=\"6a67e073\" data-element_type=\"column\">\n\t\t\t<div class=\"elementor-widget-wrap elementor-element-populated\">\n\t\t\t\t\t\t<div class=\"elementor-element elementor-element-7a9b58d2 elementor-button-align-center shadow-none elementor-widget elementor-widget-form\" data-id=\"7a9b58d2\" data-element_type=\"widget\" data-settings=\"{&quot;step_next_label&quot;:&quot;Next&quot;,&quot;step_previous_label&quot;:&quot;Previous&quot;,&quot;button_width&quot;:&quot;100&quot;,&quot;step_type&quot;:&quot;number_text&quot;,&quot;step_icon_shape&quot;:&quot;circle&quot;}\" data-widget_type=\"form.default\">\n\t\t\t\t<div class=\"elementor-widget-container\">\n\t\t\t\t\t\t\t<form class=\"elementor-form\" method=\"post\" name=\"New Form\" aria-label=\"New Form\">\n\t\t\t<input type=\"hidden\" name=\"post_id\" value=\"13941\"\/>\n\t\t\t<input type=\"hidden\" name=\"form_id\" value=\"7a9b58d2\"\/>\n\t\t\t<input type=\"hidden\" name=\"referer_title\" value=\"autobiz Corporate\" \/>\n\n\t\t\t\n\t\t\t<div class=\"elementor-form-fields-wrapper elementor-labels-above\">\n\t\t\t\t\t\t\t\t<div class=\"elementor-field-type-radio elementor-field-group elementor-column elementor-field-group-name elementor-col-100 elementor-field-required elementor-mark-required\">\n\t\t\t\t\t\t\t\t\t\t\t\t<label for=\"form-field-name\" class=\"elementor-field-label\">\n\t\t\t\t\t\t\t\tANREDE\t\t\t\t\t\t\t<\/label>\n\t\t\t\t\t\t<div class=\"elementor-field-subgroup  elementor-subgroup-inline\"><span class=\"elementor-field-option\"><input type=\"radio\" value=\"Herr\" id=\"form-field-name-0\" name=\"form_fields[name]\" required=\"required\"> <label for=\"form-field-name-0\">Herr<\/label><\/span><span class=\"elementor-field-option\"><input type=\"radio\" value=\"Frau\" id=\"form-field-name-1\" name=\"form_fields[name]\" required=\"required\"> <label for=\"form-field-name-1\">Frau<\/label><\/span><\/div>\t\t\t\t<\/div>\n\t\t\t\t\t\t\t\t<div class=\"elementor-field-type-text elementor-field-group elementor-column elementor-field-group-field_e661b10 elementor-col-50 elementor-field-required elementor-mark-required\">\n\t\t\t\t\t\t\t\t\t\t\t\t<label for=\"form-field-field_e661b10\" class=\"elementor-field-label\">\n\t\t\t\t\t\t\t\tVORNAME\t\t\t\t\t\t\t<\/label>\n\t\t\t\t\t\t\t\t\t\t\t\t\t\t<input size=\"1\" type=\"text\" name=\"form_fields[field_e661b10]\" id=\"form-field-field_e661b10\" class=\"elementor-field elementor-size-sm  elementor-field-textual\" placeholder=\"Ihr Vorname\" required=\"required\">\n\t\t\t\t\t\t\t\t\t\t\t<\/div>\n\t\t\t\t\t\t\t\t<div class=\"elementor-field-type-text elementor-field-group elementor-column elementor-field-group-field_e7895f2 elementor-col-50 elementor-field-required elementor-mark-required\">\n\t\t\t\t\t\t\t\t\t\t\t\t<label for=\"form-field-field_e7895f2\" class=\"elementor-field-label\">\n\t\t\t\t\t\t\t\tNACHNAME\t\t\t\t\t\t\t<\/label>\n\t\t\t\t\t\t\t\t\t\t\t\t\t\t<input size=\"1\" type=\"text\" name=\"form_fields[field_e7895f2]\" id=\"form-field-field_e7895f2\" class=\"elementor-field elementor-size-sm  elementor-field-textual\" placeholder=\"Ihr Nachname\" required=\"required\">\n\t\t\t\t\t\t\t\t\t\t\t<\/div>\n\t\t\t\t\t\t\t\t<div class=\"elementor-field-type-tel elementor-field-group elementor-column elementor-field-group-field_5a03c8a elementor-col-50 elementor-field-required elementor-mark-required\">\n\t\t\t\t\t\t\t\t\t\t\t\t<label for=\"form-field-field_5a03c8a\" class=\"elementor-field-label\">\n\t\t\t\t\t\t\t\tTELEFON\t\t\t\t\t\t\t<\/label>\n\t\t\t\t\t\t\t\t<input size=\"1\" type=\"tel\" name=\"form_fields[field_5a03c8a]\" id=\"form-field-field_5a03c8a\" class=\"elementor-field elementor-size-sm  elementor-field-textual\" placeholder=\"Beispiel: 0123456789\" required=\"required\" pattern=\"[0-9()#&amp;+*-=.]+\" title=\"Only numbers and phone characters (#, -, *, etc) are accepted.\">\n\n\t\t\t\t\t\t<\/div>\n\t\t\t\t\t\t\t\t<div class=\"elementor-field-type-email elementor-field-group elementor-column elementor-field-group-email elementor-col-50 elementor-field-required elementor-mark-required\">\n\t\t\t\t\t\t\t\t\t\t\t\t<label for=\"form-field-email\" class=\"elementor-field-label\">\n\t\t\t\t\t\t\t\tE-MAIL\t\t\t\t\t\t\t<\/label>\n\t\t\t\t\t\t\t\t\t\t\t\t\t\t<input size=\"1\" type=\"email\" name=\"form_fields[email]\" id=\"form-field-email\" class=\"elementor-field elementor-size-sm  elementor-field-textual\" placeholder=\"Beispiel: pierre@autobiz.com\" required=\"required\">\n\t\t\t\t\t\t\t\t\t\t\t<\/div>\n\t\t\t\t\t\t\t\t<div class=\"elementor-field-type-textarea elementor-field-group elementor-column elementor-field-group-message elementor-col-100 elementor-field-required elementor-mark-required\">\n\t\t\t\t\t\t\t\t\t\t\t\t<label for=\"form-field-message\" class=\"elementor-field-label\">\n\t\t\t\t\t\t\t\tIHRE NACHRICHT\t\t\t\t\t\t\t<\/label>\n\t\t\t\t\t\t<textarea class=\"elementor-field-textual elementor-field  elementor-size-sm\" name=\"form_fields[message]\" id=\"form-field-message\" rows=\"7\" placeholder=\"Schreiben Sie hier Ihre Nachricht...\" required=\"required\"><\/textarea>\t\t\t\t<\/div>\n\t\t\t\t\t\t\t\t<div class=\"elementor-field-type-recaptcha elementor-field-group elementor-column elementor-field-group-field_3ce4dc5 elementor-col-100\">\n\t\t\t\t\t<div class=\"elementor-field\" id=\"form-field-field_3ce4dc5\"><div class=\"elementor-g-recaptcha\" data-sitekey=\"6LdnNaYhAAAAADipiWXOujq51pkq_i4Uba9OKRSi\" data-type=\"v2_checkbox\" data-theme=\"light\" data-size=\"normal\"><\/div><\/div>\t\t\t\t<\/div>\n\t\t\t\t\t\t\t\t<div class=\"elementor-field-type-html elementor-field-group elementor-column elementor-field-group-field_a4054f6 elementor-col-100\">\n\t\t\t\t\t<span style=\"color: #ff4e00;\">*<\/span> Pflichtfelder\t\t\t\t<\/div>\n\t\t\t\t\t\t\t\t<div class=\"elementor-field-type-html elementor-field-group elementor-column elementor-field-group-field_6f0ddd3 elementor-col-100\">\n\t\t\t\t\tDie mit diesem Formular erhobenen Daten werden von autobiz verarbeitet, um Ihre Anfrage zu beantworten, Ihnen marketingbezogene Informationen zu senden und Statistiken zu erstellen. In unserer <span style=\"text-decoration: underline;\"><a href=\"https:\/\/corporate.autobiz.com\/de\/datenschutz-und-cookies\/\" target=\"_blank\" rel=\"noopener\">Datenschutzrichtlinie<\/a><\/span> finden Sie weitere Informationen, wie wir Ihre Daten verarbeiten und welche Rechte Sie haben.\t\t\t\t<\/div>\n\t\t\t\t\t\t\t\t<div class=\"elementor-field-group elementor-column elementor-field-type-submit elementor-col-100 e-form__buttons\">\n\t\t\t\t\t<button class=\"elementor-button elementor-size-xs\" type=\"submit\">\n\t\t\t\t\t\t<span class=\"elementor-button-content-wrapper\">\n\t\t\t\t\t\t\t\t\t\t\t\t\t\t\t\t\t\t\t\t\t\t<span class=\"elementor-button-text\">Absenden<\/span>\n\t\t\t\t\t\t\t\t\t\t\t\t\t<\/span>\n\t\t\t\t\t<\/button>\n\t\t\t\t<\/div>\n\t\t\t<\/div>\n\t\t<input\n                    class=\"apbct_special_field apbct_email_id__elementor_form\"\n                    name=\"apbct__email_id__elementor_form\"\n                    aria-label=\"apbct__label_id__elementor_form\"\n                    type=\"text\" size=\"30\" maxlength=\"200\" autocomplete=\"off\"\n                    value=\"\"\n                \/><\/form>\n\t\t\t\t\t\t<\/div>\n\t\t\t\t<\/div>\n\t\t\t\t\t<\/div>\n\t\t<\/div>\n\t\t\t\t\t<\/div>\n\t\t<\/section>\n\t\t\t\t<\/div>\n\t\t","protected":false},"excerpt":{"rendered":"<p>Bankwesen, Finanzen, Versicherungen Seit 2016 hat autobiz sein Big-Data-Know-how auf die Bed\u00fcrfnisse der 8 gr\u00f6\u00dften Bank- und Versicherungsunternehmen im Automobilsektor abgestimmt. Wir unterst\u00fctzen Sie bei ihrem Risikomanagement oder der Optimierung der Rentabilit\u00e4t ihrer Fahrzeugflotten durch folgende Dienstleistungen:<\/p>\n","protected":false},"author":2,"featured_media":0,"parent":13915,"menu_order":0,"comment_status":"closed","ping_status":"closed","template":"","meta":{"footnotes":""},"class_list":["post-13941","page","type-page","status-publish","hentry"],"yoast_head":"<!-- This site is optimized with the Yoast SEO plugin v27.4 - https:\/\/yoast.com\/product\/yoast-seo-wordpress\/ -->\n<title>Bankwesen, Finanzen, Versicherungen - autobiz Corporate<\/title>\n<meta name=\"description\" content=\"Seit 2016 hat autobiz sein Big-Data-Know-how auf die Bed\u00fcrfnisse der 8 gr\u00f6\u00dften Bank- und Versicherungsunternehmen im Automobilsektor abgestimmt.\" \/>\n<meta name=\"robots\" content=\"index, follow, max-snippet:-1, max-image-preview:large, max-video-preview:-1\" \/>\n<link rel=\"canonical\" href=\"https:\/\/corporate.autobiz.com\/de\/unsere-kunden\/bankwesen-finanzen-versicherungen\/\" \/>\n<meta property=\"og:locale\" content=\"de_DE\" \/>\n<meta property=\"og:type\" content=\"article\" \/>\n<meta property=\"og:title\" content=\"Bankwesen, Finanzen, Versicherungen - autobiz Corporate\" \/>\n<meta property=\"og:description\" content=\"Seit 2016 hat autobiz sein Big-Data-Know-how auf die Bed\u00fcrfnisse der 8 gr\u00f6\u00dften Bank- und Versicherungsunternehmen im Automobilsektor abgestimmt.\" \/>\n<meta property=\"og:url\" content=\"https:\/\/corporate.autobiz.com\/de\/unsere-kunden\/bankwesen-finanzen-versicherungen\/\" \/>\n<meta property=\"og:site_name\" content=\"autobiz Corporate\" \/>\n<meta property=\"article:modified_time\" content=\"2024-03-16T09:22:43+00:00\" \/>\n<meta property=\"og:image\" content=\"https:\/\/corporate.autobiz.com\/wp-content\/uploads\/2023\/01\/banque.png\" \/>\n<meta name=\"twitter:card\" content=\"summary_large_image\" \/>\n<meta name=\"twitter:label1\" content=\"Gesch\u00e4tzte Lesezeit\" \/>\n\t<meta name=\"twitter:data1\" content=\"1\u00a0Minute\" \/>\n<script type=\"application\/ld+json\" class=\"yoast-schema-graph\">{\"@context\":\"https:\\\/\\\/schema.org\",\"@graph\":[{\"@type\":\"WebPage\",\"@id\":\"https:\\\/\\\/corporate.autobiz.com\\\/de\\\/unsere-kunden\\\/bankwesen-finanzen-versicherungen\\\/\",\"url\":\"https:\\\/\\\/corporate.autobiz.com\\\/de\\\/unsere-kunden\\\/bankwesen-finanzen-versicherungen\\\/\",\"name\":\"Bankwesen, Finanzen, Versicherungen - autobiz Corporate\",\"isPartOf\":{\"@id\":\"https:\\\/\\\/corporate.autobiz.com\\\/de\\\/#website\"},\"primaryImageOfPage\":{\"@id\":\"https:\\\/\\\/corporate.autobiz.com\\\/de\\\/unsere-kunden\\\/bankwesen-finanzen-versicherungen\\\/#primaryimage\"},\"image\":{\"@id\":\"https:\\\/\\\/corporate.autobiz.com\\\/de\\\/unsere-kunden\\\/bankwesen-finanzen-versicherungen\\\/#primaryimage\"},\"thumbnailUrl\":\"https:\\\/\\\/corporate.autobiz.com\\\/wp-content\\\/uploads\\\/2023\\\/01\\\/banque.png\",\"datePublished\":\"2022-07-26T20:38:00+00:00\",\"dateModified\":\"2024-03-16T09:22:43+00:00\",\"description\":\"Seit 2016 hat autobiz sein Big-Data-Know-how auf die Bed\u00fcrfnisse der 8 gr\u00f6\u00dften Bank- und Versicherungsunternehmen im Automobilsektor abgestimmt.\",\"breadcrumb\":{\"@id\":\"https:\\\/\\\/corporate.autobiz.com\\\/de\\\/unsere-kunden\\\/bankwesen-finanzen-versicherungen\\\/#breadcrumb\"},\"inLanguage\":\"de\",\"potentialAction\":[{\"@type\":\"ReadAction\",\"target\":[\"https:\\\/\\\/corporate.autobiz.com\\\/de\\\/unsere-kunden\\\/bankwesen-finanzen-versicherungen\\\/\"]}]},{\"@type\":\"ImageObject\",\"inLanguage\":\"de\",\"@id\":\"https:\\\/\\\/corporate.autobiz.com\\\/de\\\/unsere-kunden\\\/bankwesen-finanzen-versicherungen\\\/#primaryimage\",\"url\":\"https:\\\/\\\/corporate.autobiz.com\\\/wp-content\\\/uploads\\\/2023\\\/01\\\/banque.png\",\"contentUrl\":\"https:\\\/\\\/corporate.autobiz.com\\\/wp-content\\\/uploads\\\/2023\\\/01\\\/banque.png\"},{\"@type\":\"BreadcrumbList\",\"@id\":\"https:\\\/\\\/corporate.autobiz.com\\\/de\\\/unsere-kunden\\\/bankwesen-finanzen-versicherungen\\\/#breadcrumb\",\"itemListElement\":[{\"@type\":\"ListItem\",\"position\":1,\"name\":\"Startseite\",\"item\":\"https:\\\/\\\/corporate.autobiz.com\\\/de\\\/\"},{\"@type\":\"ListItem\",\"position\":2,\"name\":\"Unsere Kunden\",\"item\":\"https:\\\/\\\/corporate.autobiz.com\\\/de\\\/unsere-kunden\\\/\"},{\"@type\":\"ListItem\",\"position\":3,\"name\":\"Bankwesen, Finanzen, Versicherungen\"}]},{\"@type\":\"WebSite\",\"@id\":\"https:\\\/\\\/corporate.autobiz.com\\\/de\\\/#website\",\"url\":\"https:\\\/\\\/corporate.autobiz.com\\\/de\\\/\",\"name\":\"autobiz Corporate\",\"description\":\"Leader europ\u00e9en de la cotation automobile et de la reprise\",\"publisher\":{\"@id\":\"https:\\\/\\\/corporate.autobiz.com\\\/de\\\/#organization\"},\"potentialAction\":[{\"@type\":\"SearchAction\",\"target\":{\"@type\":\"EntryPoint\",\"urlTemplate\":\"https:\\\/\\\/corporate.autobiz.com\\\/de\\\/?s={search_term_string}\"},\"query-input\":{\"@type\":\"PropertyValueSpecification\",\"valueRequired\":true,\"valueName\":\"search_term_string\"}}],\"inLanguage\":\"de\"},{\"@type\":\"Organization\",\"@id\":\"https:\\\/\\\/corporate.autobiz.com\\\/de\\\/#organization\",\"name\":\"autobiz Corporate\",\"url\":\"https:\\\/\\\/corporate.autobiz.com\\\/de\\\/\",\"logo\":{\"@type\":\"ImageObject\",\"inLanguage\":\"de\",\"@id\":\"https:\\\/\\\/corporate.autobiz.com\\\/de\\\/#\\\/schema\\\/logo\\\/image\\\/\",\"url\":\"https:\\\/\\\/corporate.autobiz.com\\\/wp-content\\\/uploads\\\/2022\\\/07\\\/logo-autobiz.png\",\"contentUrl\":\"https:\\\/\\\/corporate.autobiz.com\\\/wp-content\\\/uploads\\\/2022\\\/07\\\/logo-autobiz.png\",\"width\":320,\"height\":76,\"caption\":\"autobiz Corporate\"},\"image\":{\"@id\":\"https:\\\/\\\/corporate.autobiz.com\\\/de\\\/#\\\/schema\\\/logo\\\/image\\\/\"}}]}<\/script>\n<!-- \/ Yoast SEO plugin. -->","yoast_head_json":{"title":"Bankwesen, Finanzen, Versicherungen - autobiz Corporate","description":"Seit 2016 hat autobiz sein Big-Data-Know-how auf die Bed\u00fcrfnisse der 8 gr\u00f6\u00dften Bank- und Versicherungsunternehmen im Automobilsektor abgestimmt.","robots":{"index":"index","follow":"follow","max-snippet":"max-snippet:-1","max-image-preview":"max-image-preview:large","max-video-preview":"max-video-preview:-1"},"canonical":"https:\/\/corporate.autobiz.com\/de\/unsere-kunden\/bankwesen-finanzen-versicherungen\/","og_locale":"de_DE","og_type":"article","og_title":"Bankwesen, Finanzen, Versicherungen - autobiz Corporate","og_description":"Seit 2016 hat autobiz sein Big-Data-Know-how auf die Bed\u00fcrfnisse der 8 gr\u00f6\u00dften Bank- und Versicherungsunternehmen im Automobilsektor abgestimmt.","og_url":"https:\/\/corporate.autobiz.com\/de\/unsere-kunden\/bankwesen-finanzen-versicherungen\/","og_site_name":"autobiz Corporate","article_modified_time":"2024-03-16T09:22:43+00:00","og_image":[{"url":"https:\/\/corporate.autobiz.com\/wp-content\/uploads\/2023\/01\/banque.png","type":"","width":"","height":""}],"twitter_card":"summary_large_image","twitter_misc":{"Gesch\u00e4tzte Lesezeit":"1\u00a0Minute"},"schema":{"@context":"https:\/\/schema.org","@graph":[{"@type":"WebPage","@id":"https:\/\/corporate.autobiz.com\/de\/unsere-kunden\/bankwesen-finanzen-versicherungen\/","url":"https:\/\/corporate.autobiz.com\/de\/unsere-kunden\/bankwesen-finanzen-versicherungen\/","name":"Bankwesen, Finanzen, Versicherungen - autobiz Corporate","isPartOf":{"@id":"https:\/\/corporate.autobiz.com\/de\/#website"},"primaryImageOfPage":{"@id":"https:\/\/corporate.autobiz.com\/de\/unsere-kunden\/bankwesen-finanzen-versicherungen\/#primaryimage"},"image":{"@id":"https:\/\/corporate.autobiz.com\/de\/unsere-kunden\/bankwesen-finanzen-versicherungen\/#primaryimage"},"thumbnailUrl":"https:\/\/corporate.autobiz.com\/wp-content\/uploads\/2023\/01\/banque.png","datePublished":"2022-07-26T20:38:00+00:00","dateModified":"2024-03-16T09:22:43+00:00","description":"Seit 2016 hat autobiz sein Big-Data-Know-how auf die Bed\u00fcrfnisse der 8 gr\u00f6\u00dften Bank- und Versicherungsunternehmen im Automobilsektor abgestimmt.","breadcrumb":{"@id":"https:\/\/corporate.autobiz.com\/de\/unsere-kunden\/bankwesen-finanzen-versicherungen\/#breadcrumb"},"inLanguage":"de","potentialAction":[{"@type":"ReadAction","target":["https:\/\/corporate.autobiz.com\/de\/unsere-kunden\/bankwesen-finanzen-versicherungen\/"]}]},{"@type":"ImageObject","inLanguage":"de","@id":"https:\/\/corporate.autobiz.com\/de\/unsere-kunden\/bankwesen-finanzen-versicherungen\/#primaryimage","url":"https:\/\/corporate.autobiz.com\/wp-content\/uploads\/2023\/01\/banque.png","contentUrl":"https:\/\/corporate.autobiz.com\/wp-content\/uploads\/2023\/01\/banque.png"},{"@type":"BreadcrumbList","@id":"https:\/\/corporate.autobiz.com\/de\/unsere-kunden\/bankwesen-finanzen-versicherungen\/#breadcrumb","itemListElement":[{"@type":"ListItem","position":1,"name":"Startseite","item":"https:\/\/corporate.autobiz.com\/de\/"},{"@type":"ListItem","position":2,"name":"Unsere Kunden","item":"https:\/\/corporate.autobiz.com\/de\/unsere-kunden\/"},{"@type":"ListItem","position":3,"name":"Bankwesen, Finanzen, Versicherungen"}]},{"@type":"WebSite","@id":"https:\/\/corporate.autobiz.com\/de\/#website","url":"https:\/\/corporate.autobiz.com\/de\/","name":"autobiz Corporate","description":"Leader europ\u00e9en de la cotation automobile et de la reprise","publisher":{"@id":"https:\/\/corporate.autobiz.com\/de\/#organization"},"potentialAction":[{"@type":"SearchAction","target":{"@type":"EntryPoint","urlTemplate":"https:\/\/corporate.autobiz.com\/de\/?s={search_term_string}"},"query-input":{"@type":"PropertyValueSpecification","valueRequired":true,"valueName":"search_term_string"}}],"inLanguage":"de"},{"@type":"Organization","@id":"https:\/\/corporate.autobiz.com\/de\/#organization","name":"autobiz Corporate","url":"https:\/\/corporate.autobiz.com\/de\/","logo":{"@type":"ImageObject","inLanguage":"de","@id":"https:\/\/corporate.autobiz.com\/de\/#\/schema\/logo\/image\/","url":"https:\/\/corporate.autobiz.com\/wp-content\/uploads\/2022\/07\/logo-autobiz.png","contentUrl":"https:\/\/corporate.autobiz.com\/wp-content\/uploads\/2022\/07\/logo-autobiz.png","width":320,"height":76,"caption":"autobiz Corporate"},"image":{"@id":"https:\/\/corporate.autobiz.com\/de\/#\/schema\/logo\/image\/"}}]}},"_links":{"self":[{"href":"https:\/\/corporate.autobiz.com\/de\/wp-json\/wp\/v2\/pages\/13941","targetHints":{"allow":["GET"]}}],"collection":[{"href":"https:\/\/corporate.autobiz.com\/de\/wp-json\/wp\/v2\/pages"}],"about":[{"href":"https:\/\/corporate.autobiz.com\/de\/wp-json\/wp\/v2\/types\/page"}],"author":[{"embeddable":true,"href":"https:\/\/corporate.autobiz.com\/de\/wp-json\/wp\/v2\/users\/2"}],"replies":[{"embeddable":true,"href":"https:\/\/corporate.autobiz.com\/de\/wp-json\/wp\/v2\/comments?post=13941"}],"version-history":[{"count":0,"href":"https:\/\/corporate.autobiz.com\/de\/wp-json\/wp\/v2\/pages\/13941\/revisions"}],"up":[{"embeddable":true,"href":"https:\/\/corporate.autobiz.com\/de\/wp-json\/wp\/v2\/pages\/13915"}],"wp:attachment":[{"href":"https:\/\/corporate.autobiz.com\/de\/wp-json\/wp\/v2\/media?parent=13941"}],"curies":[{"name":"wp","href":"https:\/\/api.w.org\/{rel}","templated":true}]}}