{"id":13921,"date":"2022-07-22T14:27:31","date_gmt":"2022-07-22T12:27:31","guid":{"rendered":"https:\/\/corporate.autobiz.com\/?page_id=13921"},"modified":"2024-03-16T10:22:53","modified_gmt":"2024-03-16T09:22:53","slug":"hersteller-und-importeure","status":"publish","type":"page","link":"https:\/\/corporate.autobiz.com\/de\/unsere-kunden\/hersteller-und-importeure\/","title":{"rendered":"Hersteller und Importeure"},"content":{"rendered":"\t\t<div data-elementor-type=\"wp-page\" data-elementor-id=\"13921\" class=\"elementor elementor-13921 elementor-1086\" data-elementor-post-type=\"page\">\n\t\t\t\t\t\t<section class=\"elementor-section elementor-top-section elementor-element elementor-element-23ed461 elementor-hidden-mobile elementor-section-boxed elementor-section-height-default elementor-section-height-default\" data-id=\"23ed461\" data-element_type=\"section\" data-settings=\"{&quot;jet_parallax_layout_list&quot;:[]}\">\n\t\t\t\t\t\t<div class=\"elementor-container elementor-column-gap-default\">\n\t\t\t\t\t<div class=\"elementor-column elementor-col-100 elementor-top-column elementor-element elementor-element-11f1937\" data-id=\"11f1937\" data-element_type=\"column\">\n\t\t\t<div class=\"elementor-widget-wrap elementor-element-populated\">\n\t\t\t\t\t\t<div class=\"elementor-element elementor-element-603662a elementor-widget elementor-widget-breadcrumbs\" data-id=\"603662a\" data-element_type=\"widget\" data-widget_type=\"breadcrumbs.default\">\n\t\t\t\t<div class=\"elementor-widget-container\">\n\t\t\t\t\t<p id=\"breadcrumbs\"><span><span><a href=\"https:\/\/corporate.autobiz.com\/de\/\">Startseite<\/a><\/span><\/span><\/p>\t\t\t\t<\/div>\n\t\t\t\t<\/div>\n\t\t\t\t\t<\/div>\n\t\t<\/div>\n\t\t\t\t\t<\/div>\n\t\t<\/section>\n\t\t\t\t<section class=\"elementor-section elementor-top-section elementor-element elementor-element-aaaf05b elementor-section-boxed elementor-section-height-default elementor-section-height-default\" data-id=\"aaaf05b\" data-element_type=\"section\" data-settings=\"{&quot;jet_parallax_layout_list&quot;:[]}\">\n\t\t\t\t\t\t<div class=\"elementor-container elementor-column-gap-extended\">\n\t\t\t\t\t<div class=\"elementor-column elementor-col-50 elementor-top-column elementor-element elementor-element-172dddb\" data-id=\"172dddb\" data-element_type=\"column\">\n\t\t\t<div class=\"elementor-widget-wrap elementor-element-populated\">\n\t\t\t\t\t\t<div class=\"elementor-element elementor-element-550d4b0 elementor-widget elementor-widget-image\" data-id=\"550d4b0\" data-element_type=\"widget\" data-widget_type=\"image.default\">\n\t\t\t\t<div class=\"elementor-widget-container\">\n\t\t\t\t\t\t\t\t\t\t\t\t\t\t\t<img fetchpriority=\"high\" decoding=\"async\" width=\"800\" height=\"552\" src=\"https:\/\/corporate.autobiz.com\/wp-content\/uploads\/2023\/01\/Capture-decran_20230102_163857.png\" class=\"attachment-large size-large wp-image-13079\" alt=\"\" srcset=\"https:\/\/corporate.autobiz.com\/wp-content\/uploads\/2023\/01\/Capture-decran_20230102_163857.png 838w, https:\/\/corporate.autobiz.com\/wp-content\/uploads\/2023\/01\/Capture-decran_20230102_163857-300x207.png 300w, https:\/\/corporate.autobiz.com\/wp-content\/uploads\/2023\/01\/Capture-decran_20230102_163857-768x530.png 768w\" sizes=\"(max-width: 800px) 100vw, 800px\" \/>\t\t\t\t\t\t\t\t\t\t\t\t\t\t\t<\/div>\n\t\t\t\t<\/div>\n\t\t\t\t<div class=\"elementor-element elementor-element-240e967 elementor-widget elementor-widget-heading\" data-id=\"240e967\" data-element_type=\"widget\" data-widget_type=\"heading.default\">\n\t\t\t\t<div class=\"elementor-widget-container\">\n\t\t\t\t\t<h2 class=\"elementor-heading-title elementor-size-default\">Hersteller und Importeure <\/h2>\t\t\t\t<\/div>\n\t\t\t\t<\/div>\n\t\t\t\t<div class=\"elementor-element elementor-element-60c7b80 elementor-widget elementor-widget-text-editor\" data-id=\"60c7b80\" data-element_type=\"widget\" data-widget_type=\"text-editor.default\">\n\t\t\t\t<div class=\"elementor-widget-container\">\n\t\t\t\t\t\t\t\t\t<p>Mit Daten aus den 23 gr\u00f6\u00dften L\u00e4ndern Europas unterst\u00fctzt autobiz derzeit die 10 gr\u00f6\u00dften Hersteller des Kontinents.<\/p><p>Wir stellen den gr\u00f6\u00dften Automarken unser Fachwissen in Bezug auf das Online-Gesch\u00e4ft, Big Data und GW-Ankauf zur Verf\u00fcgung:<\/p>\t\t\t\t\t\t\t\t<\/div>\n\t\t\t\t<\/div>\n\t\t\t\t<div class=\"elementor-element elementor-element-88c9f8f elementor-hidden-desktop elementor-hidden-tablet elementor-widget-divider--view-line elementor-widget elementor-widget-divider\" data-id=\"88c9f8f\" data-element_type=\"widget\" data-widget_type=\"divider.default\">\n\t\t\t\t<div class=\"elementor-widget-container\">\n\t\t\t\t\t\t\t<div class=\"elementor-divider\">\n\t\t\t<span class=\"elementor-divider-separator\">\n\t\t\t\t\t\t<\/span>\n\t\t<\/div>\n\t\t\t\t\t\t<\/div>\n\t\t\t\t<\/div>\n\t\t\t\t\t<\/div>\n\t\t<\/div>\n\t\t\t\t<div class=\"elementor-column elementor-col-50 elementor-top-column elementor-element elementor-element-8e325c6\" data-id=\"8e325c6\" data-element_type=\"column\">\n\t\t\t<div class=\"elementor-widget-wrap elementor-element-populated\">\n\t\t\t\t\t\t<div class=\"elementor-element elementor-element-f3f861e elementor-button-align-center shadow-none elementor-widget elementor-widget-form\" data-id=\"f3f861e\" data-element_type=\"widget\" data-settings=\"{&quot;step_next_label&quot;:&quot;Next&quot;,&quot;step_previous_label&quot;:&quot;Previous&quot;,&quot;button_width&quot;:&quot;100&quot;,&quot;step_type&quot;:&quot;number_text&quot;,&quot;step_icon_shape&quot;:&quot;circle&quot;}\" data-widget_type=\"form.default\">\n\t\t\t\t<div class=\"elementor-widget-container\">\n\t\t\t\t\t\t\t<form class=\"elementor-form\" method=\"post\" name=\"New Form\" aria-label=\"New Form\">\n\t\t\t<input type=\"hidden\" name=\"post_id\" value=\"13921\"\/>\n\t\t\t<input type=\"hidden\" name=\"form_id\" value=\"f3f861e\"\/>\n\t\t\t<input type=\"hidden\" name=\"referer_title\" value=\"Hersteller und Importeure - autobiz Corporate\" \/>\n\n\t\t\t\t\t\t\t<input type=\"hidden\" name=\"queried_id\" value=\"13921\"\/>\n\t\t\t\n\t\t\t<div class=\"elementor-form-fields-wrapper elementor-labels-above\">\n\t\t\t\t\t\t\t\t<div class=\"elementor-field-type-radio elementor-field-group elementor-column elementor-field-group-name elementor-col-100 elementor-field-required elementor-mark-required\">\n\t\t\t\t\t\t\t\t\t\t\t\t<label for=\"form-field-name\" class=\"elementor-field-label\">\n\t\t\t\t\t\t\t\tANREDE\t\t\t\t\t\t\t<\/label>\n\t\t\t\t\t\t<div class=\"elementor-field-subgroup  elementor-subgroup-inline\"><span class=\"elementor-field-option\"><input type=\"radio\" value=\"Herr\" id=\"form-field-name-0\" name=\"form_fields[name]\" required=\"required\"> <label for=\"form-field-name-0\">Herr<\/label><\/span><span class=\"elementor-field-option\"><input type=\"radio\" value=\"Frau\" id=\"form-field-name-1\" name=\"form_fields[name]\" required=\"required\"> <label for=\"form-field-name-1\">Frau<\/label><\/span><\/div>\t\t\t\t<\/div>\n\t\t\t\t\t\t\t\t<div class=\"elementor-field-type-text elementor-field-group elementor-column elementor-field-group-field_1315b7b elementor-col-50 elementor-field-required elementor-mark-required\">\n\t\t\t\t\t\t\t\t\t\t\t\t<label for=\"form-field-field_1315b7b\" class=\"elementor-field-label\">\n\t\t\t\t\t\t\t\tVORNAME\t\t\t\t\t\t\t<\/label>\n\t\t\t\t\t\t\t\t\t\t\t\t\t\t<input size=\"1\" type=\"text\" name=\"form_fields[field_1315b7b]\" id=\"form-field-field_1315b7b\" class=\"elementor-field elementor-size-sm  elementor-field-textual\" placeholder=\"Ihr Vorname\" required=\"required\">\n\t\t\t\t\t\t\t\t\t\t\t<\/div>\n\t\t\t\t\t\t\t\t<div class=\"elementor-field-type-text elementor-field-group elementor-column elementor-field-group-field_e7895f2 elementor-col-50 elementor-field-required elementor-mark-required\">\n\t\t\t\t\t\t\t\t\t\t\t\t<label for=\"form-field-field_e7895f2\" class=\"elementor-field-label\">\n\t\t\t\t\t\t\t\tNACHNAME\t\t\t\t\t\t\t<\/label>\n\t\t\t\t\t\t\t\t\t\t\t\t\t\t<input size=\"1\" type=\"text\" name=\"form_fields[field_e7895f2]\" id=\"form-field-field_e7895f2\" class=\"elementor-field elementor-size-sm  elementor-field-textual\" placeholder=\"Ihr Nachname\" required=\"required\">\n\t\t\t\t\t\t\t\t\t\t\t<\/div>\n\t\t\t\t\t\t\t\t<div class=\"elementor-field-type-tel elementor-field-group elementor-column elementor-field-group-field_5a03c8a elementor-col-50 elementor-field-required elementor-mark-required\">\n\t\t\t\t\t\t\t\t\t\t\t\t<label for=\"form-field-field_5a03c8a\" class=\"elementor-field-label\">\n\t\t\t\t\t\t\t\tTELEFON\t\t\t\t\t\t\t<\/label>\n\t\t\t\t\t\t\t\t<input size=\"1\" type=\"tel\" name=\"form_fields[field_5a03c8a]\" id=\"form-field-field_5a03c8a\" class=\"elementor-field elementor-size-sm  elementor-field-textual\" placeholder=\"Beispiel: 0123456789\" required=\"required\" pattern=\"[0-9()#&amp;+*-=.]+\" title=\"Only numbers and phone characters (#, -, *, etc) are accepted.\">\n\n\t\t\t\t\t\t<\/div>\n\t\t\t\t\t\t\t\t<div class=\"elementor-field-type-email elementor-field-group elementor-column elementor-field-group-email elementor-col-50 elementor-field-required elementor-mark-required\">\n\t\t\t\t\t\t\t\t\t\t\t\t<label for=\"form-field-email\" class=\"elementor-field-label\">\n\t\t\t\t\t\t\t\tE-MAIL\t\t\t\t\t\t\t<\/label>\n\t\t\t\t\t\t\t\t\t\t\t\t\t\t<input size=\"1\" type=\"email\" name=\"form_fields[email]\" id=\"form-field-email\" class=\"elementor-field elementor-size-sm  elementor-field-textual\" placeholder=\"Beispiel: pierre@autobiz.com\" required=\"required\">\n\t\t\t\t\t\t\t\t\t\t\t<\/div>\n\t\t\t\t\t\t\t\t<div class=\"elementor-field-type-textarea elementor-field-group elementor-column elementor-field-group-message elementor-col-100 elementor-field-required elementor-mark-required\">\n\t\t\t\t\t\t\t\t\t\t\t\t<label for=\"form-field-message\" class=\"elementor-field-label\">\n\t\t\t\t\t\t\t\tIHRE NACHRICHT\t\t\t\t\t\t\t<\/label>\n\t\t\t\t\t\t<textarea class=\"elementor-field-textual elementor-field  elementor-size-sm\" name=\"form_fields[message]\" id=\"form-field-message\" rows=\"7\" placeholder=\" Schreiben Sie hier Ihre Nachricht...\" required=\"required\"><\/textarea>\t\t\t\t<\/div>\n\t\t\t\t\t\t\t\t<div class=\"elementor-field-type-recaptcha elementor-field-group elementor-column elementor-field-group-field_3ce4dc5 elementor-col-100\">\n\t\t\t\t\t<div class=\"elementor-field\" id=\"form-field-field_3ce4dc5\"><div class=\"elementor-g-recaptcha\" data-sitekey=\"6LdnNaYhAAAAADipiWXOujq51pkq_i4Uba9OKRSi\" data-type=\"v2_checkbox\" data-theme=\"light\" data-size=\"normal\"><\/div><\/div>\t\t\t\t<\/div>\n\t\t\t\t\t\t\t\t<div class=\"elementor-field-type-html elementor-field-group elementor-column elementor-field-group-field_2f0750c elementor-col-100\">\n\t\t\t\t\t<span style=\"color: #ff4e00;\">*<\/span> Pflichtfelder\t\t\t\t<\/div>\n\t\t\t\t\t\t\t\t<div class=\"elementor-field-type-html elementor-field-group elementor-column elementor-field-group-field_d96cbaa elementor-col-100\">\n\t\t\t\t\tDie mit diesem Formular erhobenen Daten werden von autobiz verarbeitet, um Ihre Anfrage zu beantworten, Ihnen marketingbezogene Informationen zu senden und Statistiken zu erstellen. In unserer <span style=\"text-decoration: underline;\"><a href=\"https:\/\/corporate.autobiz.com\/de\/datenschutz-und-cookies\/\" target=\"_blank\" rel=\"noopener\">Datenschutzrichtlinie<\/a><\/span> finden Sie weitere Informationen, wie wir Ihre Daten verarbeiten und welche Rechte Sie haben.\t\t\t\t<\/div>\n\t\t\t\t\t\t\t\t<div class=\"elementor-field-group elementor-column elementor-field-type-submit elementor-col-100 e-form__buttons\">\n\t\t\t\t\t<button class=\"elementor-button elementor-size-xs\" type=\"submit\">\n\t\t\t\t\t\t<span class=\"elementor-button-content-wrapper\">\n\t\t\t\t\t\t\t\t\t\t\t\t\t\t\t\t\t\t\t\t\t\t<span class=\"elementor-button-text\">Absenden<\/span>\n\t\t\t\t\t\t\t\t\t\t\t\t\t<\/span>\n\t\t\t\t\t<\/button>\n\t\t\t\t<\/div>\n\t\t\t<\/div>\n\t\t<input\n                    class=\"apbct_special_field apbct_email_id__elementor_form\"\n                    name=\"apbct__email_id__elementor_form\"\n                    aria-label=\"apbct__label_id__elementor_form\"\n                    type=\"text\" size=\"30\" maxlength=\"200\" autocomplete=\"off\"\n                    value=\"\"\n                \/><\/form>\n\t\t\t\t\t\t<\/div>\n\t\t\t\t<\/div>\n\t\t\t\t\t<\/div>\n\t\t<\/div>\n\t\t\t\t\t<\/div>\n\t\t<\/section>\n\t\t\t\t<\/div>\n\t\t","protected":false},"excerpt":{"rendered":"<p>Hersteller und Importeure Mit Daten aus den 23 gr\u00f6\u00dften L\u00e4ndern Europas unterst\u00fctzt autobiz derzeit die 10 gr\u00f6\u00dften Hersteller des Kontinents. Wir stellen den gr\u00f6\u00dften Automarken unser Fachwissen in Bezug auf das Online-Gesch\u00e4ft, Big Data und GW-Ankauf zur Verf\u00fcgung:<\/p>\n","protected":false},"author":2,"featured_media":0,"parent":13915,"menu_order":0,"comment_status":"closed","ping_status":"closed","template":"","meta":{"footnotes":""},"class_list":["post-13921","page","type-page","status-publish","hentry"],"yoast_head":"<!-- This site is optimized with the Yoast SEO plugin v27.3 - https:\/\/yoast.com\/product\/yoast-seo-wordpress\/ -->\n<title>Hersteller und Importeure - autobiz Corporate<\/title>\n<meta name=\"description\" content=\"Mit Daten aus den 23 gr\u00f6\u00dften L\u00e4ndern Europas unterst\u00fctzt autobiz derzeit die 10 gr\u00f6\u00dften Hersteller des Kontinents.\" \/>\n<meta name=\"robots\" content=\"index, follow, max-snippet:-1, max-image-preview:large, max-video-preview:-1\" \/>\n<link rel=\"canonical\" href=\"https:\/\/corporate.autobiz.com\/de\/unsere-kunden\/hersteller-und-importeure\/\" \/>\n<meta property=\"og:locale\" content=\"de_DE\" \/>\n<meta property=\"og:type\" content=\"article\" \/>\n<meta property=\"og:title\" content=\"Hersteller und Importeure - autobiz Corporate\" \/>\n<meta property=\"og:description\" content=\"Mit Daten aus den 23 gr\u00f6\u00dften L\u00e4ndern Europas unterst\u00fctzt autobiz derzeit die 10 gr\u00f6\u00dften Hersteller des Kontinents.\" \/>\n<meta property=\"og:url\" content=\"https:\/\/corporate.autobiz.com\/de\/unsere-kunden\/hersteller-und-importeure\/\" \/>\n<meta property=\"og:site_name\" content=\"autobiz Corporate\" \/>\n<meta property=\"article:modified_time\" content=\"2024-03-16T09:22:53+00:00\" \/>\n<meta property=\"og:image\" content=\"https:\/\/corporate.autobiz.com\/wp-content\/uploads\/2023\/01\/Capture-decran_20230102_163857.png\" \/>\n<meta name=\"twitter:card\" content=\"summary_large_image\" \/>\n<meta name=\"twitter:label1\" content=\"Gesch\u00e4tzte Lesezeit\" \/>\n\t<meta name=\"twitter:data1\" content=\"1\u00a0Minute\" \/>\n<script type=\"application\/ld+json\" class=\"yoast-schema-graph\">{\"@context\":\"https:\\\/\\\/schema.org\",\"@graph\":[{\"@type\":\"WebPage\",\"@id\":\"https:\\\/\\\/corporate.autobiz.com\\\/de\\\/unsere-kunden\\\/hersteller-und-importeure\\\/\",\"url\":\"https:\\\/\\\/corporate.autobiz.com\\\/de\\\/unsere-kunden\\\/hersteller-und-importeure\\\/\",\"name\":\"Hersteller und Importeure - autobiz Corporate\",\"isPartOf\":{\"@id\":\"https:\\\/\\\/corporate.autobiz.com\\\/de\\\/#website\"},\"primaryImageOfPage\":{\"@id\":\"https:\\\/\\\/corporate.autobiz.com\\\/de\\\/unsere-kunden\\\/hersteller-und-importeure\\\/#primaryimage\"},\"image\":{\"@id\":\"https:\\\/\\\/corporate.autobiz.com\\\/de\\\/unsere-kunden\\\/hersteller-und-importeure\\\/#primaryimage\"},\"thumbnailUrl\":\"https:\\\/\\\/corporate.autobiz.com\\\/wp-content\\\/uploads\\\/2023\\\/01\\\/Capture-decran_20230102_163857.png\",\"datePublished\":\"2022-07-22T12:27:31+00:00\",\"dateModified\":\"2024-03-16T09:22:53+00:00\",\"description\":\"Mit Daten aus den 23 gr\u00f6\u00dften L\u00e4ndern Europas unterst\u00fctzt autobiz derzeit die 10 gr\u00f6\u00dften Hersteller des Kontinents.\",\"breadcrumb\":{\"@id\":\"https:\\\/\\\/corporate.autobiz.com\\\/de\\\/unsere-kunden\\\/hersteller-und-importeure\\\/#breadcrumb\"},\"inLanguage\":\"de\",\"potentialAction\":[{\"@type\":\"ReadAction\",\"target\":[\"https:\\\/\\\/corporate.autobiz.com\\\/de\\\/unsere-kunden\\\/hersteller-und-importeure\\\/\"]}]},{\"@type\":\"ImageObject\",\"inLanguage\":\"de\",\"@id\":\"https:\\\/\\\/corporate.autobiz.com\\\/de\\\/unsere-kunden\\\/hersteller-und-importeure\\\/#primaryimage\",\"url\":\"https:\\\/\\\/corporate.autobiz.com\\\/wp-content\\\/uploads\\\/2023\\\/01\\\/Capture-decran_20230102_163857.png\",\"contentUrl\":\"https:\\\/\\\/corporate.autobiz.com\\\/wp-content\\\/uploads\\\/2023\\\/01\\\/Capture-decran_20230102_163857.png\"},{\"@type\":\"BreadcrumbList\",\"@id\":\"https:\\\/\\\/corporate.autobiz.com\\\/de\\\/unsere-kunden\\\/hersteller-und-importeure\\\/#breadcrumb\",\"itemListElement\":[{\"@type\":\"ListItem\",\"position\":1,\"name\":\"Startseite\",\"item\":\"https:\\\/\\\/corporate.autobiz.com\\\/de\\\/\"},{\"@type\":\"ListItem\",\"position\":2,\"name\":\"Unsere Kunden\",\"item\":\"https:\\\/\\\/corporate.autobiz.com\\\/de\\\/unsere-kunden\\\/\"},{\"@type\":\"ListItem\",\"position\":3,\"name\":\"Hersteller und Importeure\"}]},{\"@type\":\"WebSite\",\"@id\":\"https:\\\/\\\/corporate.autobiz.com\\\/de\\\/#website\",\"url\":\"https:\\\/\\\/corporate.autobiz.com\\\/de\\\/\",\"name\":\"autobiz Corporate\",\"description\":\"Leader europ\u00e9en de la cotation automobile et de la reprise\",\"publisher\":{\"@id\":\"https:\\\/\\\/corporate.autobiz.com\\\/de\\\/#organization\"},\"potentialAction\":[{\"@type\":\"SearchAction\",\"target\":{\"@type\":\"EntryPoint\",\"urlTemplate\":\"https:\\\/\\\/corporate.autobiz.com\\\/de\\\/?s={search_term_string}\"},\"query-input\":{\"@type\":\"PropertyValueSpecification\",\"valueRequired\":true,\"valueName\":\"search_term_string\"}}],\"inLanguage\":\"de\"},{\"@type\":\"Organization\",\"@id\":\"https:\\\/\\\/corporate.autobiz.com\\\/de\\\/#organization\",\"name\":\"autobiz Corporate\",\"url\":\"https:\\\/\\\/corporate.autobiz.com\\\/de\\\/\",\"logo\":{\"@type\":\"ImageObject\",\"inLanguage\":\"de\",\"@id\":\"https:\\\/\\\/corporate.autobiz.com\\\/de\\\/#\\\/schema\\\/logo\\\/image\\\/\",\"url\":\"https:\\\/\\\/corporate.autobiz.com\\\/wp-content\\\/uploads\\\/2022\\\/07\\\/logo-autobiz.png\",\"contentUrl\":\"https:\\\/\\\/corporate.autobiz.com\\\/wp-content\\\/uploads\\\/2022\\\/07\\\/logo-autobiz.png\",\"width\":320,\"height\":76,\"caption\":\"autobiz Corporate\"},\"image\":{\"@id\":\"https:\\\/\\\/corporate.autobiz.com\\\/de\\\/#\\\/schema\\\/logo\\\/image\\\/\"}}]}<\/script>\n<!-- \/ Yoast SEO plugin. -->","yoast_head_json":{"title":"Hersteller und Importeure - autobiz Corporate","description":"Mit Daten aus den 23 gr\u00f6\u00dften L\u00e4ndern Europas unterst\u00fctzt autobiz derzeit die 10 gr\u00f6\u00dften Hersteller des Kontinents.","robots":{"index":"index","follow":"follow","max-snippet":"max-snippet:-1","max-image-preview":"max-image-preview:large","max-video-preview":"max-video-preview:-1"},"canonical":"https:\/\/corporate.autobiz.com\/de\/unsere-kunden\/hersteller-und-importeure\/","og_locale":"de_DE","og_type":"article","og_title":"Hersteller und Importeure - autobiz Corporate","og_description":"Mit Daten aus den 23 gr\u00f6\u00dften L\u00e4ndern Europas unterst\u00fctzt autobiz derzeit die 10 gr\u00f6\u00dften Hersteller des Kontinents.","og_url":"https:\/\/corporate.autobiz.com\/de\/unsere-kunden\/hersteller-und-importeure\/","og_site_name":"autobiz Corporate","article_modified_time":"2024-03-16T09:22:53+00:00","og_image":[{"url":"https:\/\/corporate.autobiz.com\/wp-content\/uploads\/2023\/01\/Capture-decran_20230102_163857.png","type":"","width":"","height":""}],"twitter_card":"summary_large_image","twitter_misc":{"Gesch\u00e4tzte Lesezeit":"1\u00a0Minute"},"schema":{"@context":"https:\/\/schema.org","@graph":[{"@type":"WebPage","@id":"https:\/\/corporate.autobiz.com\/de\/unsere-kunden\/hersteller-und-importeure\/","url":"https:\/\/corporate.autobiz.com\/de\/unsere-kunden\/hersteller-und-importeure\/","name":"Hersteller und Importeure - autobiz Corporate","isPartOf":{"@id":"https:\/\/corporate.autobiz.com\/de\/#website"},"primaryImageOfPage":{"@id":"https:\/\/corporate.autobiz.com\/de\/unsere-kunden\/hersteller-und-importeure\/#primaryimage"},"image":{"@id":"https:\/\/corporate.autobiz.com\/de\/unsere-kunden\/hersteller-und-importeure\/#primaryimage"},"thumbnailUrl":"https:\/\/corporate.autobiz.com\/wp-content\/uploads\/2023\/01\/Capture-decran_20230102_163857.png","datePublished":"2022-07-22T12:27:31+00:00","dateModified":"2024-03-16T09:22:53+00:00","description":"Mit Daten aus den 23 gr\u00f6\u00dften L\u00e4ndern Europas unterst\u00fctzt autobiz derzeit die 10 gr\u00f6\u00dften Hersteller des Kontinents.","breadcrumb":{"@id":"https:\/\/corporate.autobiz.com\/de\/unsere-kunden\/hersteller-und-importeure\/#breadcrumb"},"inLanguage":"de","potentialAction":[{"@type":"ReadAction","target":["https:\/\/corporate.autobiz.com\/de\/unsere-kunden\/hersteller-und-importeure\/"]}]},{"@type":"ImageObject","inLanguage":"de","@id":"https:\/\/corporate.autobiz.com\/de\/unsere-kunden\/hersteller-und-importeure\/#primaryimage","url":"https:\/\/corporate.autobiz.com\/wp-content\/uploads\/2023\/01\/Capture-decran_20230102_163857.png","contentUrl":"https:\/\/corporate.autobiz.com\/wp-content\/uploads\/2023\/01\/Capture-decran_20230102_163857.png"},{"@type":"BreadcrumbList","@id":"https:\/\/corporate.autobiz.com\/de\/unsere-kunden\/hersteller-und-importeure\/#breadcrumb","itemListElement":[{"@type":"ListItem","position":1,"name":"Startseite","item":"https:\/\/corporate.autobiz.com\/de\/"},{"@type":"ListItem","position":2,"name":"Unsere Kunden","item":"https:\/\/corporate.autobiz.com\/de\/unsere-kunden\/"},{"@type":"ListItem","position":3,"name":"Hersteller und Importeure"}]},{"@type":"WebSite","@id":"https:\/\/corporate.autobiz.com\/de\/#website","url":"https:\/\/corporate.autobiz.com\/de\/","name":"autobiz Corporate","description":"Leader europ\u00e9en de la cotation automobile et de la reprise","publisher":{"@id":"https:\/\/corporate.autobiz.com\/de\/#organization"},"potentialAction":[{"@type":"SearchAction","target":{"@type":"EntryPoint","urlTemplate":"https:\/\/corporate.autobiz.com\/de\/?s={search_term_string}"},"query-input":{"@type":"PropertyValueSpecification","valueRequired":true,"valueName":"search_term_string"}}],"inLanguage":"de"},{"@type":"Organization","@id":"https:\/\/corporate.autobiz.com\/de\/#organization","name":"autobiz Corporate","url":"https:\/\/corporate.autobiz.com\/de\/","logo":{"@type":"ImageObject","inLanguage":"de","@id":"https:\/\/corporate.autobiz.com\/de\/#\/schema\/logo\/image\/","url":"https:\/\/corporate.autobiz.com\/wp-content\/uploads\/2022\/07\/logo-autobiz.png","contentUrl":"https:\/\/corporate.autobiz.com\/wp-content\/uploads\/2022\/07\/logo-autobiz.png","width":320,"height":76,"caption":"autobiz Corporate"},"image":{"@id":"https:\/\/corporate.autobiz.com\/de\/#\/schema\/logo\/image\/"}}]}},"_links":{"self":[{"href":"https:\/\/corporate.autobiz.com\/de\/wp-json\/wp\/v2\/pages\/13921","targetHints":{"allow":["GET"]}}],"collection":[{"href":"https:\/\/corporate.autobiz.com\/de\/wp-json\/wp\/v2\/pages"}],"about":[{"href":"https:\/\/corporate.autobiz.com\/de\/wp-json\/wp\/v2\/types\/page"}],"author":[{"embeddable":true,"href":"https:\/\/corporate.autobiz.com\/de\/wp-json\/wp\/v2\/users\/2"}],"replies":[{"embeddable":true,"href":"https:\/\/corporate.autobiz.com\/de\/wp-json\/wp\/v2\/comments?post=13921"}],"version-history":[{"count":0,"href":"https:\/\/corporate.autobiz.com\/de\/wp-json\/wp\/v2\/pages\/13921\/revisions"}],"up":[{"embeddable":true,"href":"https:\/\/corporate.autobiz.com\/de\/wp-json\/wp\/v2\/pages\/13915"}],"wp:attachment":[{"href":"https:\/\/corporate.autobiz.com\/de\/wp-json\/wp\/v2\/media?parent=13921"}],"curies":[{"name":"wp","href":"https:\/\/api.w.org\/{rel}","templated":true}]}}